{"id":1059,"date":"2019-03-30T12:35:28","date_gmt":"2019-03-30T11:35:28","guid":{"rendered":"https:\/\/infamol.eu\/?page_id=1059"},"modified":"2025-11-27T11:50:17","modified_gmt":"2025-11-27T10:50:17","slug":"empresa","status":"publish","type":"page","link":"https:\/\/infamol.eu\/es\/empresa\/","title":{"rendered":"Empresa"},"content":{"rendered":"<div class=\"wpb-content-wrapper\"><p>[vc_row css_animation=\u00bb\u00bb row_type=\u00bbrow\u00bb use_row_as_full_screen_section=\u00bbno\u00bb type=\u00bbfull_width\u00bb angled_section=\u00bbno\u00bb text_align=\u00bbleft\u00bb background_image_as_pattern=\u00bbwithout_pattern\u00bb css=\u00bb.vc_custom_1554224128009{padding-top: 3px !important;background-color: #f17f04 !important;}\u00bb z_index=\u00bb\u00bb][vc_column][\/vc_column][\/vc_row][vc_row css_animation=\u00bb\u00bb row_type=\u00bbrow\u00bb use_row_as_full_screen_section=\u00bbno\u00bb type=\u00bbgrid\u00bb angled_section=\u00bbno\u00bb text_align=\u00bbleft\u00bb background_image_as_pattern=\u00bbwithout_pattern\u00bb z_index=\u00bb\u00bb css=\u00bb.vc_custom_1554198551116{padding-top: 2% !important;padding-bottom: 2% !important;background-color: #f5f5f5 !important;}\u00bb][vc_column width=\u00bb1\/6&#8243;][\/vc_column][vc_column width=\u00bb2\/3&#8243;][vc_separator type=\u00bbtransparent\u00bb up=\u00bb15px\u00bb][vc_single_image image=\u00bb903&#8243; img_size=\u00bb250&#215;137&#8243; alignment=\u00bbcenter\u00bb qode_css_animation=\u00bb\u00bb][vc_separator type=\u00bbtransparent\u00bb up=\u00bb15px\u00bb][vc_column_text]<\/p>\n<p class=\"pMedio\" style=\"text-align: center;\"><em>Nuestro mayor capital consiste en el grupo humano, conformado por <strong>m\u00e1s de 70 profesionales altamente cualificados y experimentados<\/strong>, preparados para fabricar moldes en aceros templados de hasta 52-54 HRc y de gran complejidad t\u00e9cnica (moldes con muchos movimientos complejos, bimateriales&#8230;).<\/em><\/p>\n<p style=\"text-align: center;\"><strong>Todo el proceso de dise\u00f1o y fabricaci\u00f3n ha sido certificado por la norma de calidad ISO 9001.<\/strong><\/p>\n<p>[\/vc_column_text][vc_separator type=\u00bbtransparent\u00bb up=\u00bb15px\u00bb][\/vc_column][vc_column width=\u00bb1\/6&#8243;][\/vc_column][\/vc_row][vc_row css_animation=\u00bb\u00bb row_type=\u00bbrow\u00bb use_row_as_full_screen_section=\u00bbno\u00bb type=\u00bbgrid\u00bb angled_section=\u00bbno\u00bb text_align=\u00bbleft\u00bb background_image_as_pattern=\u00bbwithout_pattern\u00bb z_index=\u00bb\u00bb css=\u00bb.vc_custom_1554195926958{margin-top: 1% !important;margin-bottom: 3% !important;padding-top: 25px !important;padding-bottom: 25px !important;}\u00bb][vc_column][qode_elements_holder number_of_columns=\u00bbtwo_columns\u00bb switch_to_one_column=\u00bb1000&#8243;][qode_elements_holder_item vertical_alignment=\u00bbmiddle\u00bb advanced_animations=\u00bbno\u00bb][vc_column_text]<\/p>\n<h2>Infamol Espa\u00f1a<\/h2>\n<p>[\/vc_column_text][vc_separator type=\u00bbtransparent\u00bb up=\u00bb25px\u00bb][vc_column_text]<\/p>\n<p class=\"pMedio\">Para la <strong>fabricaci\u00f3n de los moldes a medida<\/strong> ponemos a su servicio a nuestro equipo t\u00e9cnico especializado y nuestra f\u00e1brica de Valencia, equipada con:<\/p>\n<p>[\/vc_column_text][vc_separator type=\u00bbtransparent\u00bb up=\u00bb25px\u00bb][vc_single_image image=\u00bb1067&#8243; img_size=\u00bbfull\u00bb qode_css_animation=\u00bb\u00bb][vc_separator type=\u00bbtransparent\u00bb up=\u00bb25px\u00bb][\/qode_elements_holder_item][qode_elements_holder_item vertical_alignment=\u00bbmiddle\u00bb advanced_animations=\u00bbno\u00bb][vc_separator type=\u00bbtransparent\u00bb up=\u00bb25px\u00bb][vc_column_text css=\u00bb.vc_custom_1591955503623{margin-left: 15px !important;}\u00bb]<\/p>\n<div class=\"azul aten\">\n<h5><i class=\"fa fa-check-circle listadito\"> <\/i> 7 estaciones de trabajo Unigraphics NX, 3 PowerMill , 1 CATIA y 1 Autodesk FUSION 360.<\/h5>\n<h5><i class=\"fa fa-check-circle listadito\"> <\/i> 1 Fresadora CORREA PRISMA 20\/25\u00a0 \u00a0 \u00a0 \u00a0 \u00a0 \u00a0 \u00a0 \u00a0Rec.: 2000x1000x1000<\/h5>\n<h5><i class=\"fa fa-check-circle listadito\"><\/i> 1 Fresadora CORREA CF 22 PLUS\u00a0 \u00a0 \u00a0 \u00a0 \u00a0 \u00a0 \u00a0 \u00a0 \u00a0 \u00a0 \u00a0 \u00a0 Rec.: 2500x800x800<\/h5>\n<h5><i class=\"fa fa-check-circle listadito\"> <\/i> 1 Centro de mecanizado MILLTRONICS\u00a0 \u00a0 \u00a0 \u00a0 \u00a0 \u00a0 \u00a0 \u00a0Rec.: 760x400x500<\/h5>\n<h5><i class=\"fa fa-check-circle listadito\"> <\/i> 1 centro alto rendimiento OKUMA M560-V-e\u00a0 \u00a0 Rec.: 1050x560x460<\/h5>\n<h5><i class=\"fa fa-check-circle listadito\"> <\/i> 1 Centro alta Velocidad MORI-SEIKI\u00a0 \u00a0 \u00a0 \u00a0 \u00a0 \u00a0 \u00a0 \u00a0 \u00a0 \u00a0 \u00a0Rec.: 1050x530x510<\/h5>\n<h5><i class=\"fa fa-check-circle listadito\"> <\/i> 1 Centro alta Velocidad AWEA VP 2012 HSS\u00a0 \u00a0 \u00a0Rec.: 2000x1200x760<\/h5>\n<h5><i class=\"fa fa-check-circle listadito\"> <\/i> 1 Centro alta Velocidad AWEA SP 3060\u00a0 \u00a0 \u00a0 \u00a0 \u00a0 \u00a0 \u00a0Rec.: 3060x1600x760<\/h5>\n<h5><i class=\"fa fa-check-circle listadito\"> <\/i> 1 Centro 3+2 ejes ZAYER XIOS 4000\u00a0 \u00a0 \u00a0 \u00a0 \u00a0 \u00a0 \u00a0 \u00a0 \u00a0Rec.: 4000x1200x1200<\/h5>\n<h5><i class=\"fa fa-check-circle listadito\"> <\/i> 1 Torno paralelo CNC Chevalier FCL-2480.\u00a0 \u00a0 \u00a0 \u00a0 \u00a0 Diametro M\u00e1x.: 700<\/h5>\n<h5><i class=\"fa fa-check-circle listadito\"> <\/i> 1 M\u00e1quina de soldadura LASER SISMA SWA 150 699701E<\/h5>\n<h5><i class=\"fa fa-check-circle listadito\"> <\/i> 3 Erosiones ONA EDM hasta 1700x1060x600<\/h5>\n<h5><i class=\"fa fa-check-circle listadito\"> <\/i> 1 Erosi\u00f3n ONA Wire EDM<\/h5>\n<h5><i class=\"fa fa-check-circle listadito\"> <\/i> 2 Prensas de ajuste vertical con mesas abatibles<\/h5>\n<h5><i class=\"fa fa-check-circle listadito\"> <\/i> 1 Rectificadora CNC<\/h5>\n<h5><i class=\"fa fa-check-circle listadito\"> <\/i> Maquinaria auxiliar: sierras, taladradoras verticales, roscadoras.<\/h5>\n<\/div>\n<p><!--more-->[\/vc_column_text][\/qode_elements_holder_item][\/qode_elements_holder][\/vc_column][\/vc_row][vc_row css_animation=\u00bb\u00bb row_type=\u00bbrow\u00bb use_row_as_full_screen_section=\u00bbno\u00bb type=\u00bbfull_width\u00bb angled_section=\u00bbno\u00bb text_align=\u00bbleft\u00bb background_image_as_pattern=\u00bbwithout_pattern\u00bb css=\u00bb.vc_custom_1554196583750{padding-top: 100px !important;padding-bottom: 100px !important;background-image: url(https:\/\/infamol.eu\/wp-content\/uploads\/2019\/04\/panorama-infamol-espana.jpg?id=1100) !important;}\u00bb z_index=\u00bb\u00bb][vc_column][\/vc_column][\/vc_row][vc_row css_animation=\u00bb\u00bb row_type=\u00bbrow\u00bb use_row_as_full_screen_section=\u00bbno\u00bb type=\u00bbgrid\u00bb angled_section=\u00bbno\u00bb text_align=\u00bbleft\u00bb background_image_as_pattern=\u00bbwithout_pattern\u00bb z_index=\u00bb\u00bb css=\u00bb.vc_custom_1554195926958{margin-top: 1% !important;margin-bottom: 3% !important;padding-top: 25px !important;padding-bottom: 25px !important;}\u00bb][vc_column][qode_elements_holder number_of_columns=\u00bbtwo_columns\u00bb switch_to_one_column=\u00bb1000&#8243;][qode_elements_holder_item vertical_alignment=\u00bbmiddle\u00bb advanced_animations=\u00bbno\u00bb][vc_column_text]<\/p>\n<h2>Infamol M\u00e9xico<\/h2>\n<p>[\/vc_column_text][vc_separator type=\u00bbtransparent\u00bb up=\u00bb25px\u00bb][vc_separator type=\u00bbtransparent\u00bb up=\u00bb25px\u00bb][vc_single_image image=\u00bb1116&#8243; img_size=\u00bbfull\u00bb qode_css_animation=\u00bb\u00bb][vc_separator type=\u00bbtransparent\u00bb up=\u00bb25px\u00bb][\/qode_elements_holder_item][qode_elements_holder_item vertical_alignment=\u00bbmiddle\u00bb advanced_animations=\u00bbno\u00bb][vc_separator type=\u00bbtransparent\u00bb up=\u00bb25px\u00bb][vc_column_text css=\u00bb.vc_custom_1554198238222{margin-left: 15px !important;}\u00bb]<\/p>\n<p class=\"pMedio\">Para la <strong>fabricaci\u00f3n de los moldes a medida<\/strong> ponemos a su servicio a nuestro equipo t\u00e9cnico especializado y nuestra f\u00e1brica de M\u00e9xico, equipada con:<\/p>\n<div class=\"azul aten\">\n<h5><i class=\"fa fa-check-circle listadito\"> <\/i> 1 estaci\u00f3n de trabajo ZW3D y 1 Powermill<\/h5>\n<h5><i class=\"fa fa-check-circle listadito\"> <\/i> 1 Centro de alta velocidad HASS VM6 1620x810x760<\/h5>\n<h5><i class=\"fa fa-check-circle listadito\"> <\/i> 1 Centro de alta velocidad HASS VM3 1010x660x635<\/h5>\n<h5><i class=\"fa fa-check-circle listadito\"> <\/i> 1 m\u00e1quina de soldadura LASER SISMA SWA 150 699701E<\/h5>\n<h5><i class=\"fa fa-check-circle listadito\"> <\/i> 1 Fresadora CORREA 1800x800x800<\/h5>\n<h5><i class=\"fa fa-check-circle listadito\"> <\/i> 1 Torno Pinacho 1300\u00d7285<\/h5>\n<h5><i class=\"fa fa-check-circle listadito\"> <\/i> 1 Erosi\u00f3n Aristech 1200x700x450<\/h5>\n<h5><i class=\"fa fa-check-circle listadito\"> <\/i> 1 Erosi\u00f3n Wire EDM 700x500x400<\/h5>\n<\/div>\n<p>[\/vc_column_text][\/qode_elements_holder_item][\/qode_elements_holder][\/vc_column][\/vc_row]<\/p>\n<\/div>","protected":false},"excerpt":{"rendered":"<p>[vc_row css_animation=\u00bb\u00bb row_type=\u00bbrow\u00bb use_row_as_full_screen_section=\u00bbno\u00bb type=\u00bbfull_width\u00bb angled_section=\u00bbno\u00bb text_align=\u00bbleft\u00bb background_image_as_pattern=\u00bbwithout_pattern\u00bb css=\u00bb.vc_custom_1554224128009{padding-top: 3px !important;background-color: #f17f04 !important;}\u00bb z_index=\u00bb\u00bb][vc_column][\/vc_column][\/vc_row][vc_row css_animation=\u00bb\u00bb row_type=\u00bbrow\u00bb use_row_as_full_screen_section=\u00bbno\u00bb type=\u00bbgrid\u00bb angled_section=\u00bbno\u00bb text_align=\u00bbleft\u00bb background_image_as_pattern=\u00bbwithout_pattern\u00bb z_index=\u00bb\u00bb css=\u00bb.vc_custom_1554198551116{padding-top: 2% !important;padding-bottom: 2% !important;background-color: #f5f5f5 !important;}\u00bb][vc_column width=\u00bb1\/6&#8243;][\/vc_column][vc_column width=\u00bb2\/3&#8243;][vc_separator type=\u00bbtransparent\u00bb up=\u00bb15px\u00bb][vc_single_image image=\u00bb903&#8243; img_size=\u00bb250&#215;137&#8243; alignment=\u00bbcenter\u00bb qode_css_animation=\u00bb\u00bb][vc_separator type=\u00bbtransparent\u00bb up=\u00bb15px\u00bb][vc_column_text] Nuestro mayor capital consiste en el&#8230;<\/p>\n","protected":false},"author":1,"featured_media":0,"parent":0,"menu_order":20,"comment_status":"closed","ping_status":"closed","template":"full_width.php","meta":{"footnotes":""},"yoast_head":"<!-- This site is optimized with the Yoast SEO plugin v22.1 - https:\/\/yoast.com\/wordpress\/plugins\/seo\/ -->\n<title>Empresa - Infamol<\/title>\n<meta name=\"robots\" content=\"index, follow, max-snippet:-1, max-image-preview:large, max-video-preview:-1\" \/>\n<link rel=\"canonical\" href=\"https:\/\/infamol.eu\/es\/empresa\/\" \/>\n<meta property=\"og:locale\" content=\"es_ES\" \/>\n<meta property=\"og:type\" content=\"article\" \/>\n<meta property=\"og:title\" content=\"Empresa - Infamol\" \/>\n<meta property=\"og:description\" content=\"[vc_row css_animation=\u00bb\u00bb row_type=\u00bbrow\u00bb use_row_as_full_screen_section=\u00bbno\u00bb type=\u00bbfull_width\u00bb angled_section=\u00bbno\u00bb text_align=\u00bbleft\u00bb background_image_as_pattern=\u00bbwithout_pattern\u00bb css=\u00bb.vc_custom_1554224128009{padding-top: 3px !important;background-color: #f17f04 !important;}\u00bb z_index=\u00bb\u00bb][vc_column][\/vc_column][\/vc_row][vc_row css_animation=\u00bb\u00bb row_type=\u00bbrow\u00bb use_row_as_full_screen_section=\u00bbno\u00bb type=\u00bbgrid\u00bb angled_section=\u00bbno\u00bb text_align=\u00bbleft\u00bb background_image_as_pattern=\u00bbwithout_pattern\u00bb z_index=\u00bb\u00bb css=\u00bb.vc_custom_1554198551116{padding-top: 2% !important;padding-bottom: 2% !important;background-color: #f5f5f5 !important;}\u00bb][vc_column width=\u00bb1\/6&#8243;][\/vc_column][vc_column width=\u00bb2\/3&#8243;][vc_separator type=\u00bbtransparent\u00bb up=\u00bb15px\u00bb][vc_single_image image=\u00bb903&#8243; img_size=\u00bb250&#215;137&#8243; alignment=\u00bbcenter\u00bb qode_css_animation=\u00bb\u00bb][vc_separator type=\u00bbtransparent\u00bb up=\u00bb15px\u00bb][vc_column_text] Nuestro mayor capital consiste en el...\" \/>\n<meta property=\"og:url\" content=\"https:\/\/infamol.eu\/es\/empresa\/\" \/>\n<meta property=\"og:site_name\" content=\"Infamol\" \/>\n<meta property=\"article:modified_time\" content=\"2025-11-27T10:50:17+00:00\" \/>\n<meta name=\"twitter:card\" content=\"summary_large_image\" \/>\n<meta name=\"twitter:label1\" content=\"Tiempo de lectura\" \/>\n\t<meta name=\"twitter:data1\" content=\"3 minutos\" \/>\n<script type=\"application\/ld+json\" class=\"yoast-schema-graph\">{\"@context\":\"https:\/\/schema.org\",\"@graph\":[{\"@type\":\"WebPage\",\"@id\":\"https:\/\/infamol.eu\/es\/empresa\/\",\"url\":\"https:\/\/infamol.eu\/es\/empresa\/\",\"name\":\"Empresa - Infamol\",\"isPartOf\":{\"@id\":\"https:\/\/infamol.eu\/es\/#website\"},\"datePublished\":\"2019-03-30T11:35:28+00:00\",\"dateModified\":\"2025-11-27T10:50:17+00:00\",\"breadcrumb\":{\"@id\":\"https:\/\/infamol.eu\/es\/empresa\/#breadcrumb\"},\"inLanguage\":\"es\",\"potentialAction\":[{\"@type\":\"ReadAction\",\"target\":[\"https:\/\/infamol.eu\/es\/empresa\/\"]}]},{\"@type\":\"BreadcrumbList\",\"@id\":\"https:\/\/infamol.eu\/es\/empresa\/#breadcrumb\",\"itemListElement\":[{\"@type\":\"ListItem\",\"position\":1,\"name\":\"Portada\",\"item\":\"https:\/\/infamol.eu\/es\/\"},{\"@type\":\"ListItem\",\"position\":2,\"name\":\"Empresa\"}]},{\"@type\":\"WebSite\",\"@id\":\"https:\/\/infamol.eu\/es\/#website\",\"url\":\"https:\/\/infamol.eu\/es\/\",\"name\":\"Infamol\",\"description\":\"Ingenier\u00eda y fabricaci\u00f3n de moldes\",\"potentialAction\":[{\"@type\":\"SearchAction\",\"target\":{\"@type\":\"EntryPoint\",\"urlTemplate\":\"https:\/\/infamol.eu\/es\/?s={search_term_string}\"},\"query-input\":\"required name=search_term_string\"}],\"inLanguage\":\"es\"}]}<\/script>\n<!-- \/ Yoast SEO plugin. -->","yoast_head_json":{"title":"Empresa - Infamol","robots":{"index":"index","follow":"follow","max-snippet":"max-snippet:-1","max-image-preview":"max-image-preview:large","max-video-preview":"max-video-preview:-1"},"canonical":"https:\/\/infamol.eu\/es\/empresa\/","og_locale":"es_ES","og_type":"article","og_title":"Empresa - Infamol","og_description":"[vc_row css_animation=\u00bb\u00bb row_type=\u00bbrow\u00bb use_row_as_full_screen_section=\u00bbno\u00bb type=\u00bbfull_width\u00bb angled_section=\u00bbno\u00bb text_align=\u00bbleft\u00bb background_image_as_pattern=\u00bbwithout_pattern\u00bb css=\u00bb.vc_custom_1554224128009{padding-top: 3px !important;background-color: #f17f04 !important;}\u00bb z_index=\u00bb\u00bb][vc_column][\/vc_column][\/vc_row][vc_row css_animation=\u00bb\u00bb row_type=\u00bbrow\u00bb use_row_as_full_screen_section=\u00bbno\u00bb type=\u00bbgrid\u00bb angled_section=\u00bbno\u00bb text_align=\u00bbleft\u00bb background_image_as_pattern=\u00bbwithout_pattern\u00bb z_index=\u00bb\u00bb css=\u00bb.vc_custom_1554198551116{padding-top: 2% !important;padding-bottom: 2% !important;background-color: #f5f5f5 !important;}\u00bb][vc_column width=\u00bb1\/6&#8243;][\/vc_column][vc_column width=\u00bb2\/3&#8243;][vc_separator type=\u00bbtransparent\u00bb up=\u00bb15px\u00bb][vc_single_image image=\u00bb903&#8243; img_size=\u00bb250&#215;137&#8243; alignment=\u00bbcenter\u00bb qode_css_animation=\u00bb\u00bb][vc_separator type=\u00bbtransparent\u00bb up=\u00bb15px\u00bb][vc_column_text] Nuestro mayor capital consiste en el...","og_url":"https:\/\/infamol.eu\/es\/empresa\/","og_site_name":"Infamol","article_modified_time":"2025-11-27T10:50:17+00:00","twitter_card":"summary_large_image","twitter_misc":{"Tiempo de lectura":"3 minutos"},"schema":{"@context":"https:\/\/schema.org","@graph":[{"@type":"WebPage","@id":"https:\/\/infamol.eu\/es\/empresa\/","url":"https:\/\/infamol.eu\/es\/empresa\/","name":"Empresa - Infamol","isPartOf":{"@id":"https:\/\/infamol.eu\/es\/#website"},"datePublished":"2019-03-30T11:35:28+00:00","dateModified":"2025-11-27T10:50:17+00:00","breadcrumb":{"@id":"https:\/\/infamol.eu\/es\/empresa\/#breadcrumb"},"inLanguage":"es","potentialAction":[{"@type":"ReadAction","target":["https:\/\/infamol.eu\/es\/empresa\/"]}]},{"@type":"BreadcrumbList","@id":"https:\/\/infamol.eu\/es\/empresa\/#breadcrumb","itemListElement":[{"@type":"ListItem","position":1,"name":"Portada","item":"https:\/\/infamol.eu\/es\/"},{"@type":"ListItem","position":2,"name":"Empresa"}]},{"@type":"WebSite","@id":"https:\/\/infamol.eu\/es\/#website","url":"https:\/\/infamol.eu\/es\/","name":"Infamol","description":"Ingenier\u00eda y fabricaci\u00f3n de moldes","potentialAction":[{"@type":"SearchAction","target":{"@type":"EntryPoint","urlTemplate":"https:\/\/infamol.eu\/es\/?s={search_term_string}"},"query-input":"required name=search_term_string"}],"inLanguage":"es"}]}},"_links":{"self":[{"href":"https:\/\/infamol.eu\/es\/wp-json\/wp\/v2\/pages\/1059"}],"collection":[{"href":"https:\/\/infamol.eu\/es\/wp-json\/wp\/v2\/pages"}],"about":[{"href":"https:\/\/infamol.eu\/es\/wp-json\/wp\/v2\/types\/page"}],"author":[{"embeddable":true,"href":"https:\/\/infamol.eu\/es\/wp-json\/wp\/v2\/users\/1"}],"replies":[{"embeddable":true,"href":"https:\/\/infamol.eu\/es\/wp-json\/wp\/v2\/comments?post=1059"}],"version-history":[{"count":2,"href":"https:\/\/infamol.eu\/es\/wp-json\/wp\/v2\/pages\/1059\/revisions"}],"predecessor-version":[{"id":1843,"href":"https:\/\/infamol.eu\/es\/wp-json\/wp\/v2\/pages\/1059\/revisions\/1843"}],"wp:attachment":[{"href":"https:\/\/infamol.eu\/es\/wp-json\/wp\/v2\/media?parent=1059"}],"curies":[{"name":"wp","href":"https:\/\/api.w.org\/{rel}","templated":true}]}}