{"id":1151,"date":"2019-03-30T12:35:28","date_gmt":"2019-03-30T11:35:28","guid":{"rendered":"https:\/\/infamol.eu\/?page_id=1151"},"modified":"2020-07-29T12:55:24","modified_gmt":"2020-07-29T10:55:24","slug":"ingenieria","status":"publish","type":"page","link":"https:\/\/infamol.eu\/es\/ingenieria\/","title":{"rendered":"Ingenier\u00eda"},"content":{"rendered":"<div class=\"wpb-content-wrapper\"><p>[vc_row css_animation=\u00bb\u00bb row_type=\u00bbrow\u00bb use_row_as_full_screen_section=\u00bbno\u00bb type=\u00bbfull_width\u00bb angled_section=\u00bbno\u00bb text_align=\u00bbleft\u00bb background_image_as_pattern=\u00bbwithout_pattern\u00bb css=\u00bb.vc_custom_1553968581181{padding-top: 3px !important;background-color: #f17f04 !important;}\u00bb z_index=\u00bb\u00bb][vc_column][\/vc_column][\/vc_row][vc_row css_animation=\u00bb\u00bb row_type=\u00bbrow\u00bb use_row_as_full_screen_section=\u00bbno\u00bb type=\u00bbgrid\u00bb angled_section=\u00bbno\u00bb text_align=\u00bbleft\u00bb background_image_as_pattern=\u00bbwithout_pattern\u00bb z_index=\u00bb\u00bb css=\u00bb.vc_custom_1554204004395{margin-top: 3% !important;padding-top: 15px !important;}\u00bb][vc_column][vc_column_text css=\u00bb.vc_custom_1596020110320{margin-bottom: 25px !important;}\u00bb]<\/p>\n<p class=\"pMedio\" style=\"text-align: center;\">Se desarrolla no solo el <strong>dise\u00f1o de moldes y utillajes en 3d<\/strong>, sino que tambi\u00e9n se efect\u00faan <strong>estudios de viabilidad<\/strong>. La documentaci\u00f3n al taller se presenta mediante planos t\u00e9cnicos y programas de mecanizado y todo el proceso est\u00e1 avalado por las <a href=\"https:\/\/infamol.eu\/wp-content\/uploads\/2019\/04\/ISO-9001-ESP.pdf\" target=\"_blank\" rel=\"noopener noreferrer\">normas de calidad ISO 9001<\/a>.<\/p>\n<p class=\"pMedio\" style=\"text-align: center;\">Todos los puestos de trabajo de la oficina est\u00e1n conectados mediante una red ETHERNET de alta velocidad entre ellos y con las m\u00e1quinas CNC del taller, lo que redunda en una mayor agilidad en la transferencia de datos en ambas direcciones.<\/p>\n<p class=\"pMedio\" style=\"text-align: center;\"><strong><em>Ofrecemos a clientes y proveedores un espacio propio ftp para env\u00edo y recepci\u00f3n de ficheros, con la m\u00e1xima seguridad y confidencialidad.<\/em><\/strong><\/p>\n<p>[\/vc_column_text][\/vc_column][\/vc_row][vc_row css_animation=\u00bb\u00bb row_type=\u00bbrow\u00bb use_row_as_full_screen_section=\u00bbno\u00bb type=\u00bbgrid\u00bb angled_section=\u00bbno\u00bb text_align=\u00bbleft\u00bb background_image_as_pattern=\u00bbwithout_pattern\u00bb z_index=\u00bb\u00bb][vc_column][vc_separator type=\u00bbnormal\u00bb color=\u00bb#f17f04&#8243; thickness=\u00bb3px\u00bb][\/vc_column][\/vc_row][vc_row css_animation=\u00bb\u00bb row_type=\u00bbrow\u00bb use_row_as_full_screen_section=\u00bbno\u00bb type=\u00bbgrid\u00bb angled_section=\u00bbno\u00bb text_align=\u00bbleft\u00bb background_image_as_pattern=\u00bbwithout_pattern\u00bb z_index=\u00bb\u00bb css=\u00bb.vc_custom_1554203757138{padding-top: 15px !important;padding-bottom: 15px !important;}\u00bb][vc_column width=\u00bb1\/2&#8243;][vc_column_text]<\/p>\n<h3 style=\"text-align: center;\">Infamol Espa\u00f1a<\/h3>\n<p>[\/vc_column_text][vc_separator type=\u00bbtransparent\u00bb up=\u00bb25px\u00bb][vc_single_image image=\u00bb1702&#8243; img_size=\u00bbfull\u00bb alignment=\u00bbcenter\u00bb qode_css_animation=\u00bb\u00bb][vc_separator type=\u00bbtransparent\u00bb up=\u00bb25px\u00bb][vc_column_text]<\/p>\n<p style=\"text-align: center;\">Contamos con 11 estaciones de trabajo equipadas con 7 Unigraphics NX, 3 Powermill y 1 CATIA.<\/p>\n<p>[\/vc_column_text][vc_separator type=\u00bbtransparent\u00bb up=\u00bb25px\u00bb][\/vc_column][vc_column width=\u00bb1\/2&#8243;][vc_column_text]<\/p>\n<h3 style=\"text-align: center;\">Infamol M\u00e9xico<\/h3>\n<p>[\/vc_column_text][vc_separator type=\u00bbtransparent\u00bb up=\u00bb25px\u00bb][vc_single_image image=\u00bb1241&#8243; img_size=\u00bbfull\u00bb alignment=\u00bbcenter\u00bb qode_css_animation=\u00bb\u00bb][vc_separator type=\u00bbtransparent\u00bb up=\u00bb25px\u00bb][vc_column_text]<\/p>\n<p style=\"text-align: center;\">El equipo de trabajo cuenta con 1 estaci\u00f3n equipada con ZW3D y 1 estaci\u00f3n de trabajo con Powermill<\/p>\n<p>[\/vc_column_text][vc_separator type=\u00bbtransparent\u00bb up=\u00bb25px\u00bb][\/vc_column][\/vc_row][vc_row css_animation=\u00bb\u00bb row_type=\u00bbrow\u00bb use_row_as_full_screen_section=\u00bbno\u00bb type=\u00bbgrid\u00bb angled_section=\u00bbno\u00bb text_align=\u00bbleft\u00bb background_image_as_pattern=\u00bbwithout_pattern\u00bb z_index=\u00bb\u00bb css=\u00bb.vc_custom_1554203870245{margin-bottom: 25px !important;padding-bottom: 3% !important;}\u00bb][vc_column][vc_column_text]<\/p>\n<h3 style=\"text-align: center;\">Departamentos de Infamol<\/h3>\n<p>[\/vc_column_text][vc_separator type=\u00bbnormal\u00bb color=\u00bb#f17f04&#8243; thickness=\u00bb3px\u00bb][vc_separator type=\u00bbtransparent\u00bb up=\u00bb25px\u00bb][qode_elements_holder number_of_columns=\u00bbthree_columns\u00bb switch_to_one_column=\u00bb600&#8243; alignment_one_column=\u00bbcenter\u00bb][qode_elements_holder_item vertical_alignment=\u00bbmiddle\u00bb horizontal_alignment=\u00bbcenter\u00bb advanced_animations=\u00bbno\u00bb custom_class=\u00bbbordeBlanco botoncito\u00bb][vc_column_text]<a href=\"https:\/\/infamol.eu\/es\/servicios\/\">SERVICIOS<\/a>[\/vc_column_text][\/qode_elements_holder_item][qode_elements_holder_item vertical_alignment=\u00bbmiddle\u00bb horizontal_alignment=\u00bbcenter\u00bb advanced_animations=\u00bbno\u00bb custom_class=\u00bbbordeBlanco botoncito\u00bb][vc_column_text]<a href=\"https:\/\/infamol.eu\/es\/ingenieria\/\">INGENIER\u00cdA<\/a>[\/vc_column_text][\/qode_elements_holder_item][qode_elements_holder_item vertical_alignment=\u00bbmiddle\u00bb horizontal_alignment=\u00bbcenter\u00bb advanced_animations=\u00bbno\u00bb custom_class=\u00bbbordeBlanco botoncito\u00bb][vc_column_text]<a href=\"https:\/\/infamol.eu\/es\/torno\/\">TORNO<\/a>[\/vc_column_text][\/qode_elements_holder_item][\/qode_elements_holder][qode_elements_holder number_of_columns=\u00bbthree_columns\u00bb switch_to_one_column=\u00bb600&#8243; alignment_one_column=\u00bbcenter\u00bb][qode_elements_holder_item vertical_alignment=\u00bbmiddle\u00bb horizontal_alignment=\u00bbcenter\u00bb advanced_animations=\u00bbno\u00bb custom_class=\u00bbbordeBlanco botoncito\u00bb][vc_column_text]<a href=\"https:\/\/infamol.eu\/es\/mecanizado\/\">MECANIZADO<\/a>[\/vc_column_text][\/qode_elements_holder_item][qode_elements_holder_item vertical_alignment=\u00bbmiddle\u00bb horizontal_alignment=\u00bbcenter\u00bb advanced_animations=\u00bbno\u00bb custom_class=\u00bbbordeBlanco botoncito\u00bb][vc_column_text]<a href=\"https:\/\/infamol.eu\/es\/electroerosion\/\">ELECTROEROSI\u00d3N<\/a>[\/vc_column_text][\/qode_elements_holder_item][qode_elements_holder_item vertical_alignment=\u00bbmiddle\u00bb horizontal_alignment=\u00bbcenter\u00bb advanced_animations=\u00bbno\u00bb custom_class=\u00bbbordeBlanco botoncito\u00bb][vc_column_text]<a href=\"https:\/\/infamol.eu\/es\/ajuste\/\">AJUSTE<\/a>[\/vc_column_text][\/qode_elements_holder_item][\/qode_elements_holder][\/vc_column][\/vc_row]<\/p>\n<\/div>","protected":false},"excerpt":{"rendered":"<p>[vc_row css_animation=\u00bb\u00bb row_type=\u00bbrow\u00bb use_row_as_full_screen_section=\u00bbno\u00bb type=\u00bbfull_width\u00bb angled_section=\u00bbno\u00bb text_align=\u00bbleft\u00bb background_image_as_pattern=\u00bbwithout_pattern\u00bb css=\u00bb.vc_custom_1553968581181{padding-top: 3px !important;background-color: #f17f04 !important;}\u00bb z_index=\u00bb\u00bb][vc_column][\/vc_column][\/vc_row][vc_row css_animation=\u00bb\u00bb row_type=\u00bbrow\u00bb use_row_as_full_screen_section=\u00bbno\u00bb type=\u00bbgrid\u00bb angled_section=\u00bbno\u00bb text_align=\u00bbleft\u00bb background_image_as_pattern=\u00bbwithout_pattern\u00bb z_index=\u00bb\u00bb css=\u00bb.vc_custom_1554204004395{margin-top: 3% !important;padding-top: 15px !important;}\u00bb][vc_column][vc_column_text css=\u00bb.vc_custom_1596020110320{margin-bottom: 25px !important;}\u00bb] Se desarrolla no solo el dise\u00f1o de moldes y utillajes en 3d, sino que tambi\u00e9n&#8230;<\/p>\n","protected":false},"author":1,"featured_media":0,"parent":0,"menu_order":22,"comment_status":"closed","ping_status":"closed","template":"full_width.php","meta":{"footnotes":""},"yoast_head":"<!-- This site is optimized with the Yoast SEO plugin v22.1 - https:\/\/yoast.com\/wordpress\/plugins\/seo\/ -->\n<title>Ingenier\u00eda - Infamol<\/title>\n<meta name=\"robots\" content=\"index, follow, max-snippet:-1, max-image-preview:large, max-video-preview:-1\" \/>\n<link rel=\"canonical\" href=\"https:\/\/infamol.eu\/es\/ingenieria\/\" \/>\n<meta property=\"og:locale\" content=\"es_ES\" \/>\n<meta property=\"og:type\" content=\"article\" \/>\n<meta property=\"og:title\" content=\"Ingenier\u00eda - Infamol\" \/>\n<meta property=\"og:description\" content=\"[vc_row css_animation=\u00bb\u00bb row_type=\u00bbrow\u00bb use_row_as_full_screen_section=\u00bbno\u00bb type=\u00bbfull_width\u00bb angled_section=\u00bbno\u00bb text_align=\u00bbleft\u00bb background_image_as_pattern=\u00bbwithout_pattern\u00bb css=\u00bb.vc_custom_1553968581181{padding-top: 3px !important;background-color: #f17f04 !important;}\u00bb z_index=\u00bb\u00bb][vc_column][\/vc_column][\/vc_row][vc_row css_animation=\u00bb\u00bb row_type=\u00bbrow\u00bb use_row_as_full_screen_section=\u00bbno\u00bb type=\u00bbgrid\u00bb angled_section=\u00bbno\u00bb text_align=\u00bbleft\u00bb background_image_as_pattern=\u00bbwithout_pattern\u00bb z_index=\u00bb\u00bb css=\u00bb.vc_custom_1554204004395{margin-top: 3% !important;padding-top: 15px !important;}\u00bb][vc_column][vc_column_text css=\u00bb.vc_custom_1596020110320{margin-bottom: 25px !important;}\u00bb] Se desarrolla no solo el dise\u00f1o de moldes y utillajes en 3d, sino que tambi\u00e9n...\" \/>\n<meta property=\"og:url\" content=\"https:\/\/infamol.eu\/es\/ingenieria\/\" \/>\n<meta property=\"og:site_name\" content=\"Infamol\" \/>\n<meta property=\"article:modified_time\" content=\"2020-07-29T10:55:24+00:00\" \/>\n<meta name=\"twitter:card\" content=\"summary_large_image\" \/>\n<meta name=\"twitter:label1\" content=\"Tiempo de lectura\" \/>\n\t<meta name=\"twitter:data1\" content=\"4 minutos\" \/>\n<script type=\"application\/ld+json\" class=\"yoast-schema-graph\">{\"@context\":\"https:\/\/schema.org\",\"@graph\":[{\"@type\":\"WebPage\",\"@id\":\"https:\/\/infamol.eu\/es\/ingenieria\/\",\"url\":\"https:\/\/infamol.eu\/es\/ingenieria\/\",\"name\":\"Ingenier\u00eda - Infamol\",\"isPartOf\":{\"@id\":\"https:\/\/infamol.eu\/es\/#website\"},\"datePublished\":\"2019-03-30T11:35:28+00:00\",\"dateModified\":\"2020-07-29T10:55:24+00:00\",\"breadcrumb\":{\"@id\":\"https:\/\/infamol.eu\/es\/ingenieria\/#breadcrumb\"},\"inLanguage\":\"es\",\"potentialAction\":[{\"@type\":\"ReadAction\",\"target\":[\"https:\/\/infamol.eu\/es\/ingenieria\/\"]}]},{\"@type\":\"BreadcrumbList\",\"@id\":\"https:\/\/infamol.eu\/es\/ingenieria\/#breadcrumb\",\"itemListElement\":[{\"@type\":\"ListItem\",\"position\":1,\"name\":\"Portada\",\"item\":\"https:\/\/infamol.eu\/es\/\"},{\"@type\":\"ListItem\",\"position\":2,\"name\":\"Ingenier\u00eda\"}]},{\"@type\":\"WebSite\",\"@id\":\"https:\/\/infamol.eu\/es\/#website\",\"url\":\"https:\/\/infamol.eu\/es\/\",\"name\":\"Infamol\",\"description\":\"Ingenier\u00eda y fabricaci\u00f3n de moldes\",\"potentialAction\":[{\"@type\":\"SearchAction\",\"target\":{\"@type\":\"EntryPoint\",\"urlTemplate\":\"https:\/\/infamol.eu\/es\/?s={search_term_string}\"},\"query-input\":\"required name=search_term_string\"}],\"inLanguage\":\"es\"}]}<\/script>\n<!-- \/ Yoast SEO plugin. -->","yoast_head_json":{"title":"Ingenier\u00eda - Infamol","robots":{"index":"index","follow":"follow","max-snippet":"max-snippet:-1","max-image-preview":"max-image-preview:large","max-video-preview":"max-video-preview:-1"},"canonical":"https:\/\/infamol.eu\/es\/ingenieria\/","og_locale":"es_ES","og_type":"article","og_title":"Ingenier\u00eda - Infamol","og_description":"[vc_row css_animation=\u00bb\u00bb row_type=\u00bbrow\u00bb use_row_as_full_screen_section=\u00bbno\u00bb type=\u00bbfull_width\u00bb angled_section=\u00bbno\u00bb text_align=\u00bbleft\u00bb background_image_as_pattern=\u00bbwithout_pattern\u00bb css=\u00bb.vc_custom_1553968581181{padding-top: 3px !important;background-color: #f17f04 !important;}\u00bb z_index=\u00bb\u00bb][vc_column][\/vc_column][\/vc_row][vc_row css_animation=\u00bb\u00bb row_type=\u00bbrow\u00bb use_row_as_full_screen_section=\u00bbno\u00bb type=\u00bbgrid\u00bb angled_section=\u00bbno\u00bb text_align=\u00bbleft\u00bb background_image_as_pattern=\u00bbwithout_pattern\u00bb z_index=\u00bb\u00bb css=\u00bb.vc_custom_1554204004395{margin-top: 3% !important;padding-top: 15px !important;}\u00bb][vc_column][vc_column_text css=\u00bb.vc_custom_1596020110320{margin-bottom: 25px !important;}\u00bb] Se desarrolla no solo el dise\u00f1o de moldes y utillajes en 3d, sino que tambi\u00e9n...","og_url":"https:\/\/infamol.eu\/es\/ingenieria\/","og_site_name":"Infamol","article_modified_time":"2020-07-29T10:55:24+00:00","twitter_card":"summary_large_image","twitter_misc":{"Tiempo de lectura":"4 minutos"},"schema":{"@context":"https:\/\/schema.org","@graph":[{"@type":"WebPage","@id":"https:\/\/infamol.eu\/es\/ingenieria\/","url":"https:\/\/infamol.eu\/es\/ingenieria\/","name":"Ingenier\u00eda - Infamol","isPartOf":{"@id":"https:\/\/infamol.eu\/es\/#website"},"datePublished":"2019-03-30T11:35:28+00:00","dateModified":"2020-07-29T10:55:24+00:00","breadcrumb":{"@id":"https:\/\/infamol.eu\/es\/ingenieria\/#breadcrumb"},"inLanguage":"es","potentialAction":[{"@type":"ReadAction","target":["https:\/\/infamol.eu\/es\/ingenieria\/"]}]},{"@type":"BreadcrumbList","@id":"https:\/\/infamol.eu\/es\/ingenieria\/#breadcrumb","itemListElement":[{"@type":"ListItem","position":1,"name":"Portada","item":"https:\/\/infamol.eu\/es\/"},{"@type":"ListItem","position":2,"name":"Ingenier\u00eda"}]},{"@type":"WebSite","@id":"https:\/\/infamol.eu\/es\/#website","url":"https:\/\/infamol.eu\/es\/","name":"Infamol","description":"Ingenier\u00eda y fabricaci\u00f3n de moldes","potentialAction":[{"@type":"SearchAction","target":{"@type":"EntryPoint","urlTemplate":"https:\/\/infamol.eu\/es\/?s={search_term_string}"},"query-input":"required name=search_term_string"}],"inLanguage":"es"}]}},"_links":{"self":[{"href":"https:\/\/infamol.eu\/es\/wp-json\/wp\/v2\/pages\/1151"}],"collection":[{"href":"https:\/\/infamol.eu\/es\/wp-json\/wp\/v2\/pages"}],"about":[{"href":"https:\/\/infamol.eu\/es\/wp-json\/wp\/v2\/types\/page"}],"author":[{"embeddable":true,"href":"https:\/\/infamol.eu\/es\/wp-json\/wp\/v2\/users\/1"}],"replies":[{"embeddable":true,"href":"https:\/\/infamol.eu\/es\/wp-json\/wp\/v2\/comments?post=1151"}],"version-history":[{"count":0,"href":"https:\/\/infamol.eu\/es\/wp-json\/wp\/v2\/pages\/1151\/revisions"}],"wp:attachment":[{"href":"https:\/\/infamol.eu\/es\/wp-json\/wp\/v2\/media?parent=1151"}],"curies":[{"name":"wp","href":"https:\/\/api.w.org\/{rel}","templated":true}]}}