{"id":1163,"date":"2019-03-30T12:35:28","date_gmt":"2019-03-30T11:35:28","guid":{"rendered":"https:\/\/infamol.eu\/?page_id=1163"},"modified":"2020-06-12T16:33:16","modified_gmt":"2020-06-12T14:33:16","slug":"electroerosion","status":"publish","type":"page","link":"https:\/\/infamol.eu\/es\/electroerosion\/","title":{"rendered":"Electroerosi\u00f3n"},"content":{"rendered":"<div class=\"wpb-content-wrapper\"><p>[vc_row css_animation=\u00bb\u00bb row_type=\u00bbrow\u00bb use_row_as_full_screen_section=\u00bbno\u00bb type=\u00bbfull_width\u00bb angled_section=\u00bbno\u00bb text_align=\u00bbleft\u00bb background_image_as_pattern=\u00bbwithout_pattern\u00bb css=\u00bb.vc_custom_1553968581181{padding-top: 3px !important;background-color: #f17f04 !important;}\u00bb z_index=\u00bb\u00bb][vc_column][\/vc_column][\/vc_row][vc_row css_animation=\u00bb\u00bb row_type=\u00bbrow\u00bb use_row_as_full_screen_section=\u00bbno\u00bb type=\u00bbgrid\u00bb angled_section=\u00bbno\u00bb text_align=\u00bbleft\u00bb background_image_as_pattern=\u00bbwithout_pattern\u00bb z_index=\u00bb\u00bb css=\u00bb.vc_custom_1554204004395{margin-top: 3% !important;padding-top: 15px !important;}\u00bb][vc_column width=\u00bb1\/6&#8243;][\/vc_column][vc_column width=\u00bb2\/3&#8243;][vc_column_text css=\u00bb.vc_custom_1554215240432{margin-bottom: 25px !important;}\u00bb]<\/p>\n<p class=\"pMedio\" style=\"text-align: center;\">En la secci\u00f3n de erosi\u00f3n se desarrolla uno de los \u00faltimos procesos de fabricaci\u00f3n del molde. Su finalidad es terminar la geometr\u00eda de la pieza que ser\u00e1 inyectada y que no ha podido definirse en la secci\u00f3n de mecanizado.<\/p>\n<p class=\"pMedio\" style=\"text-align: center;\"><strong><em>Este proceso se realiza mediante los electrodos que previamente han sido elaborados en la secci\u00f3n de mecanizados.<\/em><\/strong><\/p>\n<p>[\/vc_column_text][\/vc_column][vc_column width=\u00bb1\/6&#8243;][\/vc_column][\/vc_row][vc_row css_animation=\u00bb\u00bb row_type=\u00bbrow\u00bb use_row_as_full_screen_section=\u00bbno\u00bb type=\u00bbgrid\u00bb angled_section=\u00bbno\u00bb text_align=\u00bbleft\u00bb background_image_as_pattern=\u00bbwithout_pattern\u00bb z_index=\u00bb\u00bb][vc_column][vc_separator type=\u00bbnormal\u00bb color=\u00bb#f17f04&#8243; thickness=\u00bb3px\u00bb][\/vc_column][\/vc_row][vc_row css_animation=\u00bb\u00bb row_type=\u00bbrow\u00bb use_row_as_full_screen_section=\u00bbno\u00bb type=\u00bbgrid\u00bb angled_section=\u00bbno\u00bb text_align=\u00bbleft\u00bb background_image_as_pattern=\u00bbwithout_pattern\u00bb z_index=\u00bb\u00bb css=\u00bb.vc_custom_1554203757138{padding-top: 15px !important;padding-bottom: 15px !important;}\u00bb][vc_column width=\u00bb1\/2&#8243;][vc_column_text]<\/p>\n<h3 style=\"text-align: center;\">Infamol Espa\u00f1a<\/h3>\n<p>[\/vc_column_text][vc_separator type=\u00bbtransparent\u00bb up=\u00bb25px\u00bb]<div class=\"qode-advanced-image-gallery  qode-aig-masonry-type qode-tiny-space  qode-image-behavior-lightbox \">\n\t<div class=\"qode-aig-inner qode-outer-space qode-aig-masonry qode-aig-two-columns\">\n\t\t<div class=\"qode-aig-grid-sizer\"><\/div>\n\t\t<div class=\"qode-aig-grid-gutter\"><\/div>\n\t\t\t\t\t\t\t\t<div class=\"qode-aig-image qode-item-space qode-aig-default-masonry-item\">\n\t\t\t\t<div class=\"qode-aig-image-inner\">\n\t\t\t\t\t\t\t\t\t\t\t<a itemprop=\"image\" class=\"qode-aig-lightbox\" href=\"https:\/\/infamol.eu\/wp-content\/uploads\/2019\/04\/electroerosion-infamol-esp-1.jpg\" data-rel=\"prettyPhoto[image_gallery_pretty_photo-499]\" title=\"electroerosion-infamol-esp-1\">\n\t\t\t\t\t\t\t\t\t\t\t<img loading=\"lazy\" decoding=\"async\" width=\"300\" height=\"225\" src=\"https:\/\/infamol.eu\/wp-content\/uploads\/2019\/04\/electroerosion-infamol-esp-1.jpg\" class=\"attachment-full size-full\" alt=\"\" \/>\t\t\t\t\t\t<span class=\"aig-gallery-hover\">\n\t\t\t\t\t\t\t\t\t\t\t\t\t\t\t<span class=\"icon-arrows-plus\"><\/span> \n\t\t\t\t\t\t\t\t\t\t\t\t\t<\/span>\n\t\t\t\t\t\t\t\t\t\t\t<\/a>\n\t\t\t\t\t\t\t\t\t<\/div>\n\t\t\t<\/div>\n\t\t\t\t\t\t\t\t<div class=\"qode-aig-image qode-item-space qode-aig-default-masonry-item\">\n\t\t\t\t<div class=\"qode-aig-image-inner\">\n\t\t\t\t\t\t\t\t\t\t\t<a itemprop=\"image\" class=\"qode-aig-lightbox\" href=\"https:\/\/infamol.eu\/wp-content\/uploads\/2020\/06\/Foto-nave-antigua-6.png\" data-rel=\"prettyPhoto[image_gallery_pretty_photo-499]\" title=\"Foto-nave-antigua-6\">\n\t\t\t\t\t\t\t\t\t\t\t<img loading=\"lazy\" decoding=\"async\" width=\"900\" height=\"675\" src=\"https:\/\/infamol.eu\/wp-content\/uploads\/2020\/06\/Foto-nave-antigua-6.png\" class=\"attachment-full size-full\" alt=\"\" srcset=\"https:\/\/infamol.eu\/wp-content\/uploads\/2020\/06\/Foto-nave-antigua-6.png 900w, https:\/\/infamol.eu\/wp-content\/uploads\/2020\/06\/Foto-nave-antigua-6-300x225.png 300w, https:\/\/infamol.eu\/wp-content\/uploads\/2020\/06\/Foto-nave-antigua-6-768x576.png 768w, https:\/\/infamol.eu\/wp-content\/uploads\/2020\/06\/Foto-nave-antigua-6-800x600.png 800w, https:\/\/infamol.eu\/wp-content\/uploads\/2020\/06\/Foto-nave-antigua-6-700x525.png 700w\" sizes=\"(max-width: 900px) 100vw, 900px\" \/>\t\t\t\t\t\t<span class=\"aig-gallery-hover\">\n\t\t\t\t\t\t\t\t\t\t\t\t\t\t\t<span class=\"icon-arrows-plus\"><\/span> \n\t\t\t\t\t\t\t\t\t\t\t\t\t<\/span>\n\t\t\t\t\t\t\t\t\t\t\t<\/a>\n\t\t\t\t\t\t\t\t\t<\/div>\n\t\t\t<\/div>\n\t\t\t\t\t\t\t\t<div class=\"qode-aig-image qode-item-space qode-aig-default-masonry-item\">\n\t\t\t\t<div class=\"qode-aig-image-inner\">\n\t\t\t\t\t\t\t\t\t\t\t<a itemprop=\"image\" class=\"qode-aig-lightbox\" href=\"https:\/\/infamol.eu\/wp-content\/uploads\/2020\/06\/Foto-HILO-2.png\" data-rel=\"prettyPhoto[image_gallery_pretty_photo-499]\" title=\"Foto-HILO-2\">\n\t\t\t\t\t\t\t\t\t\t\t<img loading=\"lazy\" decoding=\"async\" width=\"900\" height=\"675\" src=\"https:\/\/infamol.eu\/wp-content\/uploads\/2020\/06\/Foto-HILO-2.png\" class=\"attachment-full size-full\" alt=\"\" srcset=\"https:\/\/infamol.eu\/wp-content\/uploads\/2020\/06\/Foto-HILO-2.png 900w, https:\/\/infamol.eu\/wp-content\/uploads\/2020\/06\/Foto-HILO-2-300x225.png 300w, https:\/\/infamol.eu\/wp-content\/uploads\/2020\/06\/Foto-HILO-2-768x576.png 768w, https:\/\/infamol.eu\/wp-content\/uploads\/2020\/06\/Foto-HILO-2-800x600.png 800w, https:\/\/infamol.eu\/wp-content\/uploads\/2020\/06\/Foto-HILO-2-700x525.png 700w\" sizes=\"(max-width: 900px) 100vw, 900px\" \/>\t\t\t\t\t\t<span class=\"aig-gallery-hover\">\n\t\t\t\t\t\t\t\t\t\t\t\t\t\t\t<span class=\"icon-arrows-plus\"><\/span> \n\t\t\t\t\t\t\t\t\t\t\t\t\t<\/span>\n\t\t\t\t\t\t\t\t\t\t\t<\/a>\n\t\t\t\t\t\t\t\t\t<\/div>\n\t\t\t<\/div>\n\t\t\t\t\t\t\t\t<div class=\"qode-aig-image qode-item-space qode-aig-default-masonry-item\">\n\t\t\t\t<div class=\"qode-aig-image-inner\">\n\t\t\t\t\t\t\t\t\t\t\t<a itemprop=\"image\" class=\"qode-aig-lightbox\" href=\"https:\/\/infamol.eu\/wp-content\/uploads\/2020\/06\/Foto-HILO-1.png\" data-rel=\"prettyPhoto[image_gallery_pretty_photo-499]\" title=\"Foto-HILO-1\">\n\t\t\t\t\t\t\t\t\t\t\t<img loading=\"lazy\" decoding=\"async\" width=\"900\" height=\"675\" src=\"https:\/\/infamol.eu\/wp-content\/uploads\/2020\/06\/Foto-HILO-1.png\" class=\"attachment-full size-full\" alt=\"\" srcset=\"https:\/\/infamol.eu\/wp-content\/uploads\/2020\/06\/Foto-HILO-1.png 900w, https:\/\/infamol.eu\/wp-content\/uploads\/2020\/06\/Foto-HILO-1-300x225.png 300w, https:\/\/infamol.eu\/wp-content\/uploads\/2020\/06\/Foto-HILO-1-768x576.png 768w, https:\/\/infamol.eu\/wp-content\/uploads\/2020\/06\/Foto-HILO-1-800x600.png 800w, https:\/\/infamol.eu\/wp-content\/uploads\/2020\/06\/Foto-HILO-1-700x525.png 700w\" sizes=\"(max-width: 900px) 100vw, 900px\" \/>\t\t\t\t\t\t<span class=\"aig-gallery-hover\">\n\t\t\t\t\t\t\t\t\t\t\t\t\t\t\t<span class=\"icon-arrows-plus\"><\/span> \n\t\t\t\t\t\t\t\t\t\t\t\t\t<\/span>\n\t\t\t\t\t\t\t\t\t\t\t<\/a>\n\t\t\t\t\t\t\t\t\t<\/div>\n\t\t\t<\/div>\n\t\t\t<\/div>\n<\/div>[vc_separator type=\u00bbtransparent\u00bb up=\u00bb25px\u00bb][vc_separator type=\u00bbnormal\u00bb color=\u00bb#f17f04&#8243; thickness=\u00bb3px\u00bb][vc_column_text]<\/p>\n<div class=\"azul\">\n<h5><i class=\"fa fa-check-circle listadito\"> <\/i> 2 EDM ONA TECHNO H600\u00a0 \u00a0 \u00a0 1700x1060x600<\/h5>\n<h5><i class=\"fa fa-check-circle listadito\"> <\/i> 1 EDM ARISTECH LS-350\u00a0 \u00a0 \u00a0 \u00a0 \u00a0 \u00a0 \u00a0 650x350x400<\/h5>\n<h5><i class=\"fa fa-check-circle listadito\"> <\/i> 1 Wire EDM ONA KE-600\u00a0 \u00a0 \u00a0 \u00a0 \u00a01400x1200x500h de corte<\/h5>\n<\/div>\n<p>[\/vc_column_text][vc_separator type=\u00bbtransparent\u00bb up=\u00bb25px\u00bb][\/vc_column][vc_column width=\u00bb1\/2&#8243;][vc_column_text]<\/p>\n<h3 style=\"text-align: center;\">Infamol M\u00e9xico<\/h3>\n<p>[\/vc_column_text][vc_separator type=\u00bbtransparent\u00bb up=\u00bb25px\u00bb][vc_single_image image=\u00bb1326&#8243; img_size=\u00bbfull\u00bb alignment=\u00bbcenter\u00bb qode_css_animation=\u00bb\u00bb][vc_separator type=\u00bbtransparent\u00bb up=\u00bb25px\u00bb][vc_separator type=\u00bbnormal\u00bb color=\u00bb#f17f04&#8243; thickness=\u00bb3px\u00bb][vc_column_text]<\/p>\n<div class=\"azul\">\n<h5><i class=\"fa fa-check-circle listadito\"> <\/i> 1 Erosi\u00f3n Aristech 1200x700x450<\/h5>\n<h5><i class=\"fa fa-check-circle listadito\"> <\/i> 1 Erosi\u00f3n Wire EDM 700x500x400<\/h5>\n<\/div>\n<p>[\/vc_column_text][vc_separator type=\u00bbtransparent\u00bb up=\u00bb25px\u00bb][\/vc_column][\/vc_row][vc_row css_animation=\u00bb\u00bb row_type=\u00bbrow\u00bb use_row_as_full_screen_section=\u00bbno\u00bb type=\u00bbgrid\u00bb angled_section=\u00bbno\u00bb text_align=\u00bbleft\u00bb background_image_as_pattern=\u00bbwithout_pattern\u00bb z_index=\u00bb\u00bb css=\u00bb.vc_custom_1554203870245{margin-bottom: 25px !important;padding-bottom: 3% !important;}\u00bb][vc_column][vc_column_text]<\/p>\n<h3 style=\"text-align: center;\">Departamentos de Infamol<\/h3>\n<p>[\/vc_column_text][vc_separator type=\u00bbnormal\u00bb color=\u00bb#f17f04&#8243; thickness=\u00bb3px\u00bb][vc_separator type=\u00bbtransparent\u00bb up=\u00bb25px\u00bb][qode_elements_holder number_of_columns=\u00bbthree_columns\u00bb switch_to_one_column=\u00bb600&#8243; alignment_one_column=\u00bbcenter\u00bb][qode_elements_holder_item vertical_alignment=\u00bbmiddle\u00bb horizontal_alignment=\u00bbcenter\u00bb advanced_animations=\u00bbno\u00bb custom_class=\u00bbbordeBlanco botoncito\u00bb][vc_column_text]<a href=\"https:\/\/infamol.eu\/es\/servicios\/\">SERVICIOS<\/a>[\/vc_column_text][\/qode_elements_holder_item][qode_elements_holder_item vertical_alignment=\u00bbmiddle\u00bb horizontal_alignment=\u00bbcenter\u00bb advanced_animations=\u00bbno\u00bb custom_class=\u00bbbordeBlanco botoncito\u00bb][vc_column_text]<a href=\"https:\/\/infamol.eu\/es\/ingenieria\/\">INGENIER\u00cdA<\/a>[\/vc_column_text][\/qode_elements_holder_item][qode_elements_holder_item vertical_alignment=\u00bbmiddle\u00bb horizontal_alignment=\u00bbcenter\u00bb advanced_animations=\u00bbno\u00bb custom_class=\u00bbbordeBlanco botoncito\u00bb][vc_column_text]<a href=\"https:\/\/infamol.eu\/es\/torno\/\">TORNO<\/a>[\/vc_column_text][\/qode_elements_holder_item][\/qode_elements_holder][qode_elements_holder number_of_columns=\u00bbthree_columns\u00bb switch_to_one_column=\u00bb600&#8243; alignment_one_column=\u00bbcenter\u00bb][qode_elements_holder_item vertical_alignment=\u00bbmiddle\u00bb horizontal_alignment=\u00bbcenter\u00bb advanced_animations=\u00bbno\u00bb custom_class=\u00bbbordeBlanco botoncito\u00bb][vc_column_text]<a href=\"https:\/\/infamol.eu\/es\/mecanizado\/\">MECANIZADO<\/a>[\/vc_column_text][\/qode_elements_holder_item][qode_elements_holder_item vertical_alignment=\u00bbmiddle\u00bb horizontal_alignment=\u00bbcenter\u00bb advanced_animations=\u00bbno\u00bb custom_class=\u00bbbordeBlanco botoncito\u00bb][vc_column_text]<a href=\"https:\/\/infamol.eu\/es\/electroerosion\/\">ELECTROEROSI\u00d3N<\/a>[\/vc_column_text][\/qode_elements_holder_item][qode_elements_holder_item vertical_alignment=\u00bbmiddle\u00bb horizontal_alignment=\u00bbcenter\u00bb advanced_animations=\u00bbno\u00bb custom_class=\u00bbbordeBlanco botoncito\u00bb][vc_column_text]<a href=\"https:\/\/infamol.eu\/es\/ajuste\/\">AJUSTE<\/a>[\/vc_column_text][\/qode_elements_holder_item][\/qode_elements_holder][\/vc_column][\/vc_row]<\/p>\n<\/div>","protected":false},"excerpt":{"rendered":"<p>[vc_row css_animation=\u00bb\u00bb row_type=\u00bbrow\u00bb use_row_as_full_screen_section=\u00bbno\u00bb type=\u00bbfull_width\u00bb angled_section=\u00bbno\u00bb text_align=\u00bbleft\u00bb background_image_as_pattern=\u00bbwithout_pattern\u00bb css=\u00bb.vc_custom_1553968581181{padding-top: 3px !important;background-color: #f17f04 !important;}\u00bb z_index=\u00bb\u00bb][vc_column][\/vc_column][\/vc_row][vc_row css_animation=\u00bb\u00bb row_type=\u00bbrow\u00bb use_row_as_full_screen_section=\u00bbno\u00bb type=\u00bbgrid\u00bb angled_section=\u00bbno\u00bb text_align=\u00bbleft\u00bb background_image_as_pattern=\u00bbwithout_pattern\u00bb z_index=\u00bb\u00bb css=\u00bb.vc_custom_1554204004395{margin-top: 3% !important;padding-top: 15px !important;}\u00bb][vc_column width=\u00bb1\/6&#8243;][\/vc_column][vc_column width=\u00bb2\/3&#8243;][vc_column_text css=\u00bb.vc_custom_1554215240432{margin-bottom: 25px !important;}\u00bb] En la secci\u00f3n de erosi\u00f3n se desarrolla uno de los \u00faltimos procesos de&#8230;<\/p>\n","protected":false},"author":1,"featured_media":0,"parent":0,"menu_order":25,"comment_status":"closed","ping_status":"closed","template":"full_width.php","meta":{"footnotes":""},"yoast_head":"<!-- This site is optimized with the Yoast SEO plugin v22.1 - https:\/\/yoast.com\/wordpress\/plugins\/seo\/ -->\n<title>Electroerosi\u00f3n - Infamol<\/title>\n<meta name=\"robots\" content=\"index, follow, max-snippet:-1, max-image-preview:large, max-video-preview:-1\" \/>\n<link rel=\"canonical\" href=\"https:\/\/infamol.eu\/es\/electroerosion\/\" \/>\n<meta property=\"og:locale\" content=\"es_ES\" \/>\n<meta property=\"og:type\" content=\"article\" \/>\n<meta property=\"og:title\" content=\"Electroerosi\u00f3n - Infamol\" \/>\n<meta property=\"og:description\" content=\"[vc_row css_animation=\u00bb\u00bb row_type=\u00bbrow\u00bb use_row_as_full_screen_section=\u00bbno\u00bb type=\u00bbfull_width\u00bb angled_section=\u00bbno\u00bb text_align=\u00bbleft\u00bb background_image_as_pattern=\u00bbwithout_pattern\u00bb css=\u00bb.vc_custom_1553968581181{padding-top: 3px !important;background-color: #f17f04 !important;}\u00bb z_index=\u00bb\u00bb][vc_column][\/vc_column][\/vc_row][vc_row css_animation=\u00bb\u00bb row_type=\u00bbrow\u00bb use_row_as_full_screen_section=\u00bbno\u00bb type=\u00bbgrid\u00bb angled_section=\u00bbno\u00bb text_align=\u00bbleft\u00bb background_image_as_pattern=\u00bbwithout_pattern\u00bb z_index=\u00bb\u00bb css=\u00bb.vc_custom_1554204004395{margin-top: 3% !important;padding-top: 15px !important;}\u00bb][vc_column width=\u00bb1\/6&#8243;][\/vc_column][vc_column width=\u00bb2\/3&#8243;][vc_column_text css=\u00bb.vc_custom_1554215240432{margin-bottom: 25px !important;}\u00bb] En la secci\u00f3n de erosi\u00f3n se desarrolla uno de los \u00faltimos procesos de...\" \/>\n<meta property=\"og:url\" content=\"https:\/\/infamol.eu\/es\/electroerosion\/\" \/>\n<meta property=\"og:site_name\" content=\"Infamol\" \/>\n<meta property=\"article:modified_time\" content=\"2020-06-12T14:33:16+00:00\" \/>\n<meta name=\"twitter:card\" content=\"summary_large_image\" \/>\n<meta name=\"twitter:label1\" content=\"Tiempo de lectura\" \/>\n\t<meta name=\"twitter:data1\" content=\"4 minutos\" \/>\n<script type=\"application\/ld+json\" class=\"yoast-schema-graph\">{\"@context\":\"https:\/\/schema.org\",\"@graph\":[{\"@type\":\"WebPage\",\"@id\":\"https:\/\/infamol.eu\/es\/electroerosion\/\",\"url\":\"https:\/\/infamol.eu\/es\/electroerosion\/\",\"name\":\"Electroerosi\u00f3n - Infamol\",\"isPartOf\":{\"@id\":\"https:\/\/infamol.eu\/es\/#website\"},\"datePublished\":\"2019-03-30T11:35:28+00:00\",\"dateModified\":\"2020-06-12T14:33:16+00:00\",\"breadcrumb\":{\"@id\":\"https:\/\/infamol.eu\/es\/electroerosion\/#breadcrumb\"},\"inLanguage\":\"es\",\"potentialAction\":[{\"@type\":\"ReadAction\",\"target\":[\"https:\/\/infamol.eu\/es\/electroerosion\/\"]}]},{\"@type\":\"BreadcrumbList\",\"@id\":\"https:\/\/infamol.eu\/es\/electroerosion\/#breadcrumb\",\"itemListElement\":[{\"@type\":\"ListItem\",\"position\":1,\"name\":\"Portada\",\"item\":\"https:\/\/infamol.eu\/es\/\"},{\"@type\":\"ListItem\",\"position\":2,\"name\":\"Electroerosi\u00f3n\"}]},{\"@type\":\"WebSite\",\"@id\":\"https:\/\/infamol.eu\/es\/#website\",\"url\":\"https:\/\/infamol.eu\/es\/\",\"name\":\"Infamol\",\"description\":\"Ingenier\u00eda y fabricaci\u00f3n de moldes\",\"potentialAction\":[{\"@type\":\"SearchAction\",\"target\":{\"@type\":\"EntryPoint\",\"urlTemplate\":\"https:\/\/infamol.eu\/es\/?s={search_term_string}\"},\"query-input\":\"required name=search_term_string\"}],\"inLanguage\":\"es\"}]}<\/script>\n<!-- \/ Yoast SEO plugin. -->","yoast_head_json":{"title":"Electroerosi\u00f3n - Infamol","robots":{"index":"index","follow":"follow","max-snippet":"max-snippet:-1","max-image-preview":"max-image-preview:large","max-video-preview":"max-video-preview:-1"},"canonical":"https:\/\/infamol.eu\/es\/electroerosion\/","og_locale":"es_ES","og_type":"article","og_title":"Electroerosi\u00f3n - Infamol","og_description":"[vc_row css_animation=\u00bb\u00bb row_type=\u00bbrow\u00bb use_row_as_full_screen_section=\u00bbno\u00bb type=\u00bbfull_width\u00bb angled_section=\u00bbno\u00bb text_align=\u00bbleft\u00bb background_image_as_pattern=\u00bbwithout_pattern\u00bb css=\u00bb.vc_custom_1553968581181{padding-top: 3px !important;background-color: #f17f04 !important;}\u00bb z_index=\u00bb\u00bb][vc_column][\/vc_column][\/vc_row][vc_row css_animation=\u00bb\u00bb row_type=\u00bbrow\u00bb use_row_as_full_screen_section=\u00bbno\u00bb type=\u00bbgrid\u00bb angled_section=\u00bbno\u00bb text_align=\u00bbleft\u00bb background_image_as_pattern=\u00bbwithout_pattern\u00bb z_index=\u00bb\u00bb css=\u00bb.vc_custom_1554204004395{margin-top: 3% !important;padding-top: 15px !important;}\u00bb][vc_column width=\u00bb1\/6&#8243;][\/vc_column][vc_column width=\u00bb2\/3&#8243;][vc_column_text css=\u00bb.vc_custom_1554215240432{margin-bottom: 25px !important;}\u00bb] En la secci\u00f3n de erosi\u00f3n se desarrolla uno de los \u00faltimos procesos de...","og_url":"https:\/\/infamol.eu\/es\/electroerosion\/","og_site_name":"Infamol","article_modified_time":"2020-06-12T14:33:16+00:00","twitter_card":"summary_large_image","twitter_misc":{"Tiempo de lectura":"4 minutos"},"schema":{"@context":"https:\/\/schema.org","@graph":[{"@type":"WebPage","@id":"https:\/\/infamol.eu\/es\/electroerosion\/","url":"https:\/\/infamol.eu\/es\/electroerosion\/","name":"Electroerosi\u00f3n - Infamol","isPartOf":{"@id":"https:\/\/infamol.eu\/es\/#website"},"datePublished":"2019-03-30T11:35:28+00:00","dateModified":"2020-06-12T14:33:16+00:00","breadcrumb":{"@id":"https:\/\/infamol.eu\/es\/electroerosion\/#breadcrumb"},"inLanguage":"es","potentialAction":[{"@type":"ReadAction","target":["https:\/\/infamol.eu\/es\/electroerosion\/"]}]},{"@type":"BreadcrumbList","@id":"https:\/\/infamol.eu\/es\/electroerosion\/#breadcrumb","itemListElement":[{"@type":"ListItem","position":1,"name":"Portada","item":"https:\/\/infamol.eu\/es\/"},{"@type":"ListItem","position":2,"name":"Electroerosi\u00f3n"}]},{"@type":"WebSite","@id":"https:\/\/infamol.eu\/es\/#website","url":"https:\/\/infamol.eu\/es\/","name":"Infamol","description":"Ingenier\u00eda y fabricaci\u00f3n de moldes","potentialAction":[{"@type":"SearchAction","target":{"@type":"EntryPoint","urlTemplate":"https:\/\/infamol.eu\/es\/?s={search_term_string}"},"query-input":"required name=search_term_string"}],"inLanguage":"es"}]}},"_links":{"self":[{"href":"https:\/\/infamol.eu\/es\/wp-json\/wp\/v2\/pages\/1163"}],"collection":[{"href":"https:\/\/infamol.eu\/es\/wp-json\/wp\/v2\/pages"}],"about":[{"href":"https:\/\/infamol.eu\/es\/wp-json\/wp\/v2\/types\/page"}],"author":[{"embeddable":true,"href":"https:\/\/infamol.eu\/es\/wp-json\/wp\/v2\/users\/1"}],"replies":[{"embeddable":true,"href":"https:\/\/infamol.eu\/es\/wp-json\/wp\/v2\/comments?post=1163"}],"version-history":[{"count":0,"href":"https:\/\/infamol.eu\/es\/wp-json\/wp\/v2\/pages\/1163\/revisions"}],"wp:attachment":[{"href":"https:\/\/infamol.eu\/es\/wp-json\/wp\/v2\/media?parent=1163"}],"curies":[{"name":"wp","href":"https:\/\/api.w.org\/{rel}","templated":true}]}}