{"id":1788,"date":"2019-03-30T09:21:43","date_gmt":"2019-03-30T08:21:43","guid":{"rendered":"https:\/\/infamol.eu\/?page_id=1788"},"modified":"2020-09-25T16:56:49","modified_gmt":"2020-09-25T14:56:49","slug":"politica-de-calidad","status":"publish","type":"page","link":"https:\/\/infamol.eu\/es\/politica-de-calidad\/","title":{"rendered":"Pol\u00edtica de CALIDAD"},"content":{"rendered":"<ol>\n<li><strong> Pol\u00edtica de Calidad.<\/strong><\/li>\n<\/ol>\n<p>INFAMOL es una empresa dedicada a la fabricaci\u00f3n de moldes de inyecci\u00f3n.<br \/>\nDada la situaci\u00f3n del mercado actual, INFAMOL es consciente de que la prestaci\u00f3n<br \/>\nde productos y servicios de CALIDAD es uno de los factores estrat\u00e9gicos de gran<br \/>\nimportancia, que contribuyen a la mejora de nuestra competitividad en el mercado<br \/>\ny representan una garant\u00eda para la continuidad y futuro de la empresa.<br \/>\nEn esta l\u00ednea, los principios que van a regir la gesti\u00f3n de la empresa y la<br \/>\nconsecuci\u00f3n de sus objetivos, son los siguientes:<br \/>\n&#8211; Capacidad de cambio ante las nuevas necesidades del mercado y de los<br \/>\nclientes con el fin de satisfacer sus expectativas, teniendo en cuenta los<br \/>\nriesgos y oportunidades que se detecten.<br \/>\n&#8211; Mantener un esp\u00edritu innovador y de mejora continua.<br \/>\n&#8211; Garantizar y medir de forma continuada la calidad de los productos<br \/>\nfabricados.<br \/>\n&#8211; Cumplir con los requisitos legales y reglamentarios que afecten a la calidad<br \/>\ndel producto, as\u00ed como con los requisitos de nuestros clientes y partes<br \/>\ninteresadas.<br \/>\nEsta pol\u00edtica se encuentra disponible y se comunica a todos los miembros de la<br \/>\norganizaci\u00f3n as\u00ed como a las partes interesadas.<br \/>\nEl Puig, a 21 de febrero de 2017<\/p>\n","protected":false},"excerpt":{"rendered":"<p>Pol\u00edtica de Calidad. INFAMOL es una empresa dedicada a la fabricaci\u00f3n de moldes de inyecci\u00f3n. Dada la situaci\u00f3n del mercado actual, INFAMOL es consciente de que la prestaci\u00f3n de productos y servicios de CALIDAD es uno de los factores estrat\u00e9gicos de gran importancia, que contribuyen&#8230;<\/p>\n","protected":false},"author":1,"featured_media":0,"parent":0,"menu_order":1002,"comment_status":"closed","ping_status":"closed","template":"","meta":{"footnotes":""},"yoast_head":"<!-- This site is optimized with the Yoast SEO plugin v22.1 - https:\/\/yoast.com\/wordpress\/plugins\/seo\/ -->\n<title>Pol\u00edtica de CALIDAD - Infamol<\/title>\n<meta name=\"robots\" content=\"noindex, nofollow\" \/>\n<meta property=\"og:locale\" content=\"es_ES\" \/>\n<meta property=\"og:type\" content=\"article\" \/>\n<meta property=\"og:title\" content=\"Pol\u00edtica de CALIDAD - Infamol\" \/>\n<meta property=\"og:description\" content=\"Pol\u00edtica de Calidad. INFAMOL es una empresa dedicada a la fabricaci\u00f3n de moldes de inyecci\u00f3n. Dada la situaci\u00f3n del mercado actual, INFAMOL es consciente de que la prestaci\u00f3n de productos y servicios de CALIDAD es uno de los factores estrat\u00e9gicos de gran importancia, que contribuyen...\" \/>\n<meta property=\"og:url\" content=\"https:\/\/infamol.eu\/es\/politica-de-calidad\/\" \/>\n<meta property=\"og:site_name\" content=\"Infamol\" \/>\n<meta property=\"article:modified_time\" content=\"2020-09-25T14:56:49+00:00\" \/>\n<meta name=\"twitter:card\" content=\"summary_large_image\" \/>\n<meta name=\"twitter:label1\" content=\"Tiempo de lectura\" \/>\n\t<meta name=\"twitter:data1\" content=\"1 minuto\" \/>\n<script type=\"application\/ld+json\" class=\"yoast-schema-graph\">{\"@context\":\"https:\/\/schema.org\",\"@graph\":[{\"@type\":\"WebPage\",\"@id\":\"https:\/\/infamol.eu\/es\/politica-de-calidad\/\",\"url\":\"https:\/\/infamol.eu\/es\/politica-de-calidad\/\",\"name\":\"Pol\u00edtica de CALIDAD - Infamol\",\"isPartOf\":{\"@id\":\"https:\/\/infamol.eu\/es\/#website\"},\"datePublished\":\"2019-03-30T08:21:43+00:00\",\"dateModified\":\"2020-09-25T14:56:49+00:00\",\"breadcrumb\":{\"@id\":\"https:\/\/infamol.eu\/es\/politica-de-calidad\/#breadcrumb\"},\"inLanguage\":\"es\",\"potentialAction\":[{\"@type\":\"ReadAction\",\"target\":[\"https:\/\/infamol.eu\/es\/politica-de-calidad\/\"]}]},{\"@type\":\"BreadcrumbList\",\"@id\":\"https:\/\/infamol.eu\/es\/politica-de-calidad\/#breadcrumb\",\"itemListElement\":[{\"@type\":\"ListItem\",\"position\":1,\"name\":\"Portada\",\"item\":\"https:\/\/infamol.eu\/es\/\"},{\"@type\":\"ListItem\",\"position\":2,\"name\":\"Pol\u00edtica de CALIDAD\"}]},{\"@type\":\"WebSite\",\"@id\":\"https:\/\/infamol.eu\/es\/#website\",\"url\":\"https:\/\/infamol.eu\/es\/\",\"name\":\"Infamol\",\"description\":\"Ingenier\u00eda y fabricaci\u00f3n de moldes\",\"potentialAction\":[{\"@type\":\"SearchAction\",\"target\":{\"@type\":\"EntryPoint\",\"urlTemplate\":\"https:\/\/infamol.eu\/es\/?s={search_term_string}\"},\"query-input\":\"required name=search_term_string\"}],\"inLanguage\":\"es\"}]}<\/script>\n<!-- \/ Yoast SEO plugin. -->","yoast_head_json":{"title":"Pol\u00edtica de CALIDAD - Infamol","robots":{"index":"noindex","follow":"nofollow"},"og_locale":"es_ES","og_type":"article","og_title":"Pol\u00edtica de CALIDAD - Infamol","og_description":"Pol\u00edtica de Calidad. INFAMOL es una empresa dedicada a la fabricaci\u00f3n de moldes de inyecci\u00f3n. Dada la situaci\u00f3n del mercado actual, INFAMOL es consciente de que la prestaci\u00f3n de productos y servicios de CALIDAD es uno de los factores estrat\u00e9gicos de gran importancia, que contribuyen...","og_url":"https:\/\/infamol.eu\/es\/politica-de-calidad\/","og_site_name":"Infamol","article_modified_time":"2020-09-25T14:56:49+00:00","twitter_card":"summary_large_image","twitter_misc":{"Tiempo de lectura":"1 minuto"},"schema":{"@context":"https:\/\/schema.org","@graph":[{"@type":"WebPage","@id":"https:\/\/infamol.eu\/es\/politica-de-calidad\/","url":"https:\/\/infamol.eu\/es\/politica-de-calidad\/","name":"Pol\u00edtica de CALIDAD - Infamol","isPartOf":{"@id":"https:\/\/infamol.eu\/es\/#website"},"datePublished":"2019-03-30T08:21:43+00:00","dateModified":"2020-09-25T14:56:49+00:00","breadcrumb":{"@id":"https:\/\/infamol.eu\/es\/politica-de-calidad\/#breadcrumb"},"inLanguage":"es","potentialAction":[{"@type":"ReadAction","target":["https:\/\/infamol.eu\/es\/politica-de-calidad\/"]}]},{"@type":"BreadcrumbList","@id":"https:\/\/infamol.eu\/es\/politica-de-calidad\/#breadcrumb","itemListElement":[{"@type":"ListItem","position":1,"name":"Portada","item":"https:\/\/infamol.eu\/es\/"},{"@type":"ListItem","position":2,"name":"Pol\u00edtica de CALIDAD"}]},{"@type":"WebSite","@id":"https:\/\/infamol.eu\/es\/#website","url":"https:\/\/infamol.eu\/es\/","name":"Infamol","description":"Ingenier\u00eda y fabricaci\u00f3n de moldes","potentialAction":[{"@type":"SearchAction","target":{"@type":"EntryPoint","urlTemplate":"https:\/\/infamol.eu\/es\/?s={search_term_string}"},"query-input":"required name=search_term_string"}],"inLanguage":"es"}]}},"_links":{"self":[{"href":"https:\/\/infamol.eu\/es\/wp-json\/wp\/v2\/pages\/1788"}],"collection":[{"href":"https:\/\/infamol.eu\/es\/wp-json\/wp\/v2\/pages"}],"about":[{"href":"https:\/\/infamol.eu\/es\/wp-json\/wp\/v2\/types\/page"}],"author":[{"embeddable":true,"href":"https:\/\/infamol.eu\/es\/wp-json\/wp\/v2\/users\/1"}],"replies":[{"embeddable":true,"href":"https:\/\/infamol.eu\/es\/wp-json\/wp\/v2\/comments?post=1788"}],"version-history":[{"count":0,"href":"https:\/\/infamol.eu\/es\/wp-json\/wp\/v2\/pages\/1788\/revisions"}],"wp:attachment":[{"href":"https:\/\/infamol.eu\/es\/wp-json\/wp\/v2\/media?parent=1788"}],"curies":[{"name":"wp","href":"https:\/\/api.w.org\/{rel}","templated":true}]}}