{"id":21,"date":"2019-03-30T09:20:59","date_gmt":"2019-03-30T08:20:59","guid":{"rendered":"https:\/\/infamol.eu\/?page_id=21"},"modified":"2019-04-02T19:49:53","modified_gmt":"2019-04-02T17:49:53","slug":"aviso-legal","status":"publish","type":"page","link":"https:\/\/infamol.eu\/es\/aviso-legal\/","title":{"rendered":"Aviso legal"},"content":{"rendered":"<p><strong><em>PRIMERA.- TITULAR DE LA WEB<\/em><\/strong><\/p>\n<p>El presente portal web pertenece a INFAMOL S.A, con CIF n\u00famero\u00a0<strong>A96641493<\/strong>, inscrita en el Registro Mercantil de Valencia,Tomo 5792, Libro 3099, Folio 118, Secci\u00f3n 8, Hoja V54383, I\/A14,con domicilio social a efectos de dar cumplimiento al art. 10 de la Ley de los Servicios de la Sociedad de la Informaci\u00f3n y Comercio Electr\u00f3nico, en\u00a0<strong>POLIGONO INDUSTRIAL N\u00ba 7 CALLE BROSQUIL, PARCELA 157 CP 46540 EL PUIG (VALENCIA).<\/strong><\/p>\n<p><strong><em>SEGUNDA.- OBJETO DE LA WEB<\/em><\/strong><\/p>\n<p>INFAMOL S.A pone a disposici\u00f3n del p\u00fablico (en adelante usuario), que acceda a<strong>\u00a0<\/strong><a href=\"http:\/\/www.infamol.es\"><strong>infamol.eu<\/strong><\/a><strong>\u00a0<\/strong>(en adelante WEB), informaci\u00f3n y datos (en adelante CONTENIDOS y\/o SERVICIOS), mediante una web de car\u00e1cter informativa. Los CONTENIDOS de la web son proporcionados y creados por la propia empresa.<\/p>\n<p>Por \u00faltimo, por la naturaleza propia dela Web, es posible que se modifiquen o incluyan cambios en el contenido de las presentes Condiciones, por ello cualquier usuario queda obligado a acceder a las presente Condiciones cada vez que acceda al Sitio Web, asumiendo que les ser\u00e1n de aplicaci\u00f3n las condiciones correspondientes que se encuentren vigentes en el momento de su acceso<\/p>\n<p><strong><em>TERCERA.- ACCESO A LA WEB<\/em><\/strong><\/p>\n<p>El acceso a la web no requiere el registro previo de los usuarios. No obstante, para consultar determinados contenidos del Sitio Web as\u00ed como recibir los boletines de noticias, ser\u00e1 necesario el registro del Usuario utilizando el procedimiento oportuno.<\/p>\n<p>En cualquier caso, los datos introducidos por el Usuario durante el proceso de registro deber\u00e1n ser exactos, actuales y veraces.<\/p>\n<p><strong><em>CUARTA.- UTILIZACI\u00d3N CORRECTA DE LOS SERVICIOS<\/em><\/strong><\/p>\n<p>El usuario se obliga a usar los Servicios de forma diligente, correcta y l\u00edcita y, en particular, a t\u00edtulo meramente enunciativo y no limitativo, queda terminantemente prohibido:<\/p>\n<ul>\n<li>utilizar los Servicios de forma, con fines o efectos contrarios a la ley, a la moral y a las buenas costumbres generalmente aceptadas o al orden p\u00fablico;<\/li>\n<li>reproducir o copiar, distribuir, permitir el acceso del p\u00fablico a trav\u00e9s de cualquier modalidad de comunicaci\u00f3n p\u00fablica, transformar o modificar los Servicios, a menos que se cuente con la autorizaci\u00f3n del titular de los correspondientes derechos o ello resulte legalmente permitido;<\/li>\n<li>realizar cualquier acto que pueda ser considerado una vulneraci\u00f3n de cualesquiera derechos de propiedad intelectual o industrial pertenecientes a INFAMOL S.A o a terceros;<\/li>\n<li>emplear los Servicios y, en particular, la informaci\u00f3n de cualquier clase obtenida a trav\u00e9s del Sitio Web para remitir publicidad, comunicaciones con fines de venta directa o con cualquier otra clase de finalidad comercial, mensajes no solicitados dirigidos a una pluralidad de personas con independencia de su finalidad, as\u00ed como de comercializar o divulgar de cualquier modo dicha informaci\u00f3n;<\/li>\n<\/ul>\n<p>El usuario responder\u00e1 de los da\u00f1os y perjuicios de toda naturaleza que INFAMOL S.A sufrir, con ocasi\u00f3n del incumplimiento de cualquiera de las obligaciones anteriormente expuestas as\u00ed como cualesquier otras incluidas en las presentes Condiciones Generales y\/o las impuestas por la Ley en relaci\u00f3n con la utilizaci\u00f3n del Sitio Web.<\/p>\n<p>Todo usuario menor de edad deber\u00e1 utilizar la Web bajo el consentimiento de su padre, madre o tutor legal, siendo estos los responsables de cualquier problema que pudiera acontecer en las compras y en el uso de los servicios de la misma.<\/p>\n<p>INFAMOL S.A velar\u00e1 en todo momento por el respeto del ordenamiento jur\u00eddico vigente, y estar\u00e1 legitimada para interrumpir, a su entera discreci\u00f3n, el Servicio o excluir al usuario del Sitio Web en caso de presunta comisi\u00f3n, de alguno de los delitos o faltas tipificados por el C\u00f3digo Penal vigente, o en caso de observar cualesquiera conductas que a juicio de INFAMOL S.A resulten contrarias a estas Condiciones Generales o puedan perturbar el buen funcionamiento, imagen, credibilidad y\/o prestigio de INFAMOL S.A .<\/p>\n<p><strong><em>QUINTA.- REGLAS DE CONDUCTA\u00a0\u00a0\u00a0\u00a0\u00a0\u00a0\u00a0\u00a0\u00a0\u00a0 <\/em><\/strong><\/p>\n<p>Los usuarios podr\u00e1n contactar con INFAMOL S.A e interactuar en determinadas secciones del portal web, bien a trav\u00e9s del Blog o compartiendo secciones en redes sociales, siempre y cuando respeten el presente c\u00f3digo de conducta:<\/p>\n<ol>\n<li>NING\u00daN USUARIO PODR\u00c1 HACERSE PASAR POR OTRA PERSONA U ORGANIZACI\u00d3N, en caso contrario puede incurrir en falta o delito seg\u00fan el C\u00f3digo Penal y el C\u00f3digo Civil Espa\u00f1ol.<\/li>\n<li>NO SE PODR\u00c1 UTILIZAR UN LENGUAJE IRRESPETUOSO Y OFENSIVO. No son admisibles mensajes con amenazas, insultos graves o cualquier otro tipo de comentario que pueda herir la sensibilidad. En tal caso, INFAMOL S.A se reserva el derecho de retirar cualquier contenido que contravenga la presente condici\u00f3n y ejercitar las v\u00edas judiciales oportunas.<\/li>\n<li>QUEDA TOTALMENTE PROHIBIDO presentar, citar y recomendar empresas, o portales web, y en general realizar acciones de marketing o spam. Ese tipo de contenidos ser\u00e1n eliminados junto con las cuentas que llevaron a cabo tal acci\u00f3n e incluso ponerlo en conocimiento de la Agencia Espa\u00f1ola de Protecci\u00f3n de Datos.<\/li>\n<\/ol>\n<p><strong><em>SEXTA.- DERECHOS DE PROPIEDAD<\/em><\/strong><\/p>\n<p>Todos los contenidos del Sitio Web, tales como textos, art\u00edculos de opini\u00f3n, gr\u00e1ficos, fotograf\u00edas, logotipos, iconos, im\u00e1genes, as\u00ed como el dise\u00f1o gr\u00e1fico, c\u00f3digo fuente y software, son de la exclusiva propiedad de INFAMOL S.A o de terceros, cuyos derechos al respecto ostenta leg\u00edtimamente INFAMOL S.A , estando por lo tanto protegidos por la legislaci\u00f3n nacional e internacional.<\/p>\n<p>Queda estrictamente prohibido la utilizaci\u00f3n de todos los elementos objeto de propiedad industrial e intelectual con fines comerciales as\u00ed como su distribuci\u00f3n, modificaci\u00f3n, alteraci\u00f3n o descompilaci\u00f3n.<\/p>\n<p><strong><em>SEPTIMA.- EXCLUSI\u00d3N DE GARANT\u00cdAS Y DE RESPONSABILIDAD<\/em><\/strong><\/p>\n<p>INFAMOL S.A se reserva el derecho a interrumpir el acceso a los servicios en cualquier momento y sin previo aviso, ya sea por motivos t\u00e9cnicos, de seguridad, de control, de mantenimiento, por fallos de suministro el\u00e9ctrico o por cualquier otra causa justificada.<\/p>\n<p>En consecuencia, INFAMOL S.A no garantiza la fiabilidad, la disponibilidad ni la continuidad de la Web ni de los Servicios, por lo que la utilizaci\u00f3n de los mismos por parte de los usuarios se lleva a cabo por su propia cuenta y riesgo, sin que, en ning\u00fan momento, puedan exigirse responsabilidades a INFAMOL S.A en este sentido.<\/p>\n<p>Adem\u00e1s INFAMOL S.A no asume responsabilidad alguna derivada, a t\u00edtulo enunciativo pero no limitativo:<\/p>\n<ul>\n<li>De la utilizaci\u00f3n que los usuarios hagan de los materiales dispuestos en la web, ya sean prohibidos o permitidos, en infracci\u00f3n de los derechos de propiedad intelectual y\/o industrial de contenidos de la propia web o de los portales de terceros.<\/li>\n<li>De los eventuales da\u00f1os y perjuicios a los usuarios causados por un funcionamiento normal o anormal de las herramientas de b\u00fasqueda, de la organizaci\u00f3n o la localizaci\u00f3n de los contenidos y\/o acceso a los servicios y, en general, de los errores o problemas que se generen en el desarrollo o instrumentaci\u00f3n de los elementos t\u00e9cnicos que forman el servicio.<\/li>\n<li>De los contenidos de aquellas p\u00e1ginas a las que los usuarios puedan acceder desde enlaces incluidos en la web.<\/li>\n<li>De los actos u omisiones de terceros, con independencia de que estos terceros pudiesen estar unidos a INFAMOL S.A mediante v\u00eda contractual.<\/li>\n<\/ul>\n<p>De igual modo, INFAMOL S.A excluye cualquier responsabilidad por los da\u00f1os y perjuicios de toda clase que puedan deberse a la presencia de virus o a la presencia de otros elementos lesivos en los contenidos que puedan producir alteraci\u00f3n en los sistemas inform\u00e1ticos as\u00ed como en los documentos o sistemas almacenados en los mismos, por lo que INFAMOL S.A no ser\u00e1 responsable en ning\u00fan caso cuando se produzcan:<\/p>\n<ul>\n<li>Errores o retrasos en el acceso a los servicios por parte del usuario a la hora de introducir sus datos en el formulario correspondiente o cualquier anomal\u00eda que pueda surgir cuando estas incidencias sean debidas a problemas en la red Internet, causas de caso fortuito o fuerza mayor y cualquier otra contingencia imprevisible ajena a la buena fe de INFAMOL S.A .<\/li>\n<li>Fallos o incidencias que pudieran producirse en las comunicaciones, borrado o transmisiones incompletas, de manera que no se garantiza que los servicios del sitio web est\u00e9n constantemente operativos.<\/li>\n<li>De los errores o da\u00f1os producidos al sitio web por un uso del servicio ineficiente y de mala fe por parte del usuario.<\/li>\n<li>De la no operatividad o problemas en la direcci\u00f3n de email facilitada por el usuario para el env\u00edo de la informaci\u00f3n solicitada.<\/li>\n<\/ul>\n<p>En todo caso, INFAMOL S.A se compromete a solucionar los problemas que puedan surgir y a ofrecer todo el apoyo necesario al usuario para llegar a una soluci\u00f3n r\u00e1pida y satisfactoria de la incidencia<\/p>\n<p><strong><em>OCTAVA.- ENLACES A OTROS SITIOS WEB<\/em><\/strong><\/p>\n<p>INFAMOL S.A no garantiza ni asume ning\u00fan tipo de responsabilidad por los da\u00f1os y perjuicios sufridos por el acceso al Servicios\/contenido de terceros a trav\u00e9s de conexiones, v\u00ednculos o links de los sitios enlazados ni sobre la exactitud o fiabilidad de los mismos. La funci\u00f3n de los enlaces que aparecen en INFAMOL S.A es exclusivamente la de informar al usuario sobre la existencia de otras fuentes de informaci\u00f3n en Internet, donde podr\u00e1 ampliar los Servicios ofrecidos por el Portal. INFAMOL S.A no ser\u00e1 en ning\u00fan caso responsable del resultado obtenido a trav\u00e9s de dichos enlaces o de las consecuencias que se deriven del acceso por los usuarios a los mismos. Estos Servicios de terceros son proporcionados por \u00e9stos, por lo que INFAMOL S.A no puede controlar y no controla la licitud de los Servicios ni su calidad. En consecuencia, el usuario debe extremar la prudencia en la valoraci\u00f3n y utilizaci\u00f3n de la informaci\u00f3n y servicios existentes en los contenidos de terceros.<\/p>\n<p>Queda expresamente prohibida la introducci\u00f3n de hiperenlaces con fines mercantiles en p\u00e1ginas web ajenas a INFAMOL S.A que permitan el acceso al presente portal web sin consentimiento expreso deINFAMOL S.A . En todo caso, la existencia de hiperenlaces en sitios web ajenos a la empresa, no implicar\u00e1 en ning\u00fan caso la existencia de relaciones comerciales o mercantiles con el titular de la p\u00e1gina web donde se establezca el hiperenlace, ni la aceptaci\u00f3n por parte de INFAMOL S.A<\/p>\n<p><strong><em>NOVENA.- TRATAMIENTO DE DATOS Y UTILIZACI\u00d3N DE COOKIES<\/em><\/strong><\/p>\n<p>De acuerdo con de lo dispuesto en la Ley Org\u00e1nica 3\/2018 de 5 de diciembre, de Protecci\u00f3n de Datos Personales y Garant\u00eda de los Derechos Digitales y el nuevo Reglamento General de Protecci\u00f3n de Datos Personales 2016\/679 del Parlamento Europeo y del Consejo, le informamos de que los datos personales que nos facilite a trav\u00e9s de nuestro sitio web o mediante env\u00edos de correos electr\u00f3nicos, ser\u00e1n incorporados a los ficheros y tratamientos de INFAMOL S.A para las finalidades descritas en la pol\u00edtica de privacidad, la cual debe ser le\u00edda, comprendida y aceptada para la utilizaci\u00f3n del presente portal web.<\/p>\n<p>INFAMOL S.Ase compromete al cumplimiento de la obligaci\u00f3n de secreto de los datos de car\u00e1cter personal, por ello ha adoptado las medidas necesarias para evitar su alteraci\u00f3n, p\u00e9rdida, tratamiento o acceso no autorizado, habida cuenta en todo momento del estado de la tecnolog\u00eda.<\/p>\n<p>En los formularios que recaben datos personales, cada usuario ser\u00e1 informado sobre las finalidades para que se recaben los datos. El usuario responder\u00e1, en cualquier caso, de la veracidad de los datos facilitados.<\/p>\n<p>Por otra parte, INFAMOL S.A le informa que por visitar el presente portal web no queda registrado de forma autom\u00e1tica ning\u00fan dato de car\u00e1cter personal que identifique a un Usuario, en cambio existe determinada informaci\u00f3n de car\u00e1cter no personal y no identificable con un Usuario concreto que se recoge durante la sesi\u00f3n en directo para a trav\u00e9s de dispositivos denominados \u201ccookies\u201d que nos permiten obtener informaci\u00f3n estad\u00edstica sobre el uso del portal web para luego poder realizar mejoras. Todo usuario debe consultar nuestra pol\u00edtica de cookies para navegar por la web.<\/p>\n<p>En cualquier caso, todos los usuarios tienen derecho a ejercitar, en cualquier momento, los derechos de acceso, rectificaci\u00f3n, supresi\u00f3n, limitaci\u00f3n del tratamiento y portabilidad de datos que le asisten, mediante escrito dirigido a INFAMOL S.A en la direcci\u00f3n electr\u00f3nica <a href=\"mailto:infamol@infamol.es\">infamol@infamol.es<\/a><strong>.<\/strong><\/p>\n<p><strong><em>DECIMA.- LEY APLICABLE Y JURISDICCI\u00d3N<\/em><\/strong><\/p>\n<p>Para cuantas cuestiones interpretativas o litigiosas que pudieran plantearse ser\u00e1 de aplicaci\u00f3n la legislaci\u00f3n espa\u00f1ola y en caso de controversia, ambas partes acuerdan someterse, con renuncia a cualquier otro fuero que pudiera corresponderle, a la jurisdicci\u00f3n de los Juzgados y Tribunales de la ciudad de Valencia(Espa\u00f1a).<\/p>\n<p>&nbsp;<\/p>\n","protected":false},"excerpt":{"rendered":"<p>PRIMERA.- TITULAR DE LA WEB El presente portal web pertenece a INFAMOL S.A, con CIF n\u00famero\u00a0A96641493, inscrita en el Registro Mercantil de Valencia,Tomo 5792, Libro 3099, Folio 118, Secci\u00f3n 8, Hoja V54383, I\/A14,con domicilio social a efectos de dar cumplimiento al art. 10 de la&#8230;<\/p>\n","protected":false},"author":1,"featured_media":0,"parent":0,"menu_order":1001,"comment_status":"closed","ping_status":"closed","template":"","meta":{"footnotes":""},"yoast_head":"<!-- This site is optimized with the Yoast SEO plugin v22.1 - https:\/\/yoast.com\/wordpress\/plugins\/seo\/ -->\n<title>Aviso legal - Infamol<\/title>\n<meta name=\"robots\" content=\"noindex, nofollow\" \/>\n<meta property=\"og:locale\" content=\"es_ES\" \/>\n<meta property=\"og:type\" content=\"article\" \/>\n<meta property=\"og:title\" content=\"Aviso legal - Infamol\" \/>\n<meta property=\"og:description\" content=\"PRIMERA.- TITULAR DE LA WEB El presente portal web pertenece a INFAMOL S.A, con CIF n\u00famero\u00a0A96641493, inscrita en el Registro Mercantil de Valencia,Tomo 5792, Libro 3099, Folio 118, Secci\u00f3n 8, Hoja V54383, I\/A14,con domicilio social a efectos de dar cumplimiento al art. 10 de la...\" \/>\n<meta property=\"og:url\" content=\"https:\/\/infamol.eu\/es\/aviso-legal\/\" \/>\n<meta property=\"og:site_name\" content=\"Infamol\" \/>\n<meta property=\"article:modified_time\" content=\"2019-04-02T17:49:53+00:00\" \/>\n<meta name=\"twitter:card\" content=\"summary_large_image\" \/>\n<meta name=\"twitter:label1\" content=\"Tiempo de lectura\" \/>\n\t<meta name=\"twitter:data1\" content=\"11 minutos\" \/>\n<script type=\"application\/ld+json\" class=\"yoast-schema-graph\">{\"@context\":\"https:\/\/schema.org\",\"@graph\":[{\"@type\":\"WebPage\",\"@id\":\"https:\/\/infamol.eu\/es\/aviso-legal\/\",\"url\":\"https:\/\/infamol.eu\/es\/aviso-legal\/\",\"name\":\"Aviso legal - Infamol\",\"isPartOf\":{\"@id\":\"https:\/\/infamol.eu\/es\/#website\"},\"datePublished\":\"2019-03-30T08:20:59+00:00\",\"dateModified\":\"2019-04-02T17:49:53+00:00\",\"breadcrumb\":{\"@id\":\"https:\/\/infamol.eu\/es\/aviso-legal\/#breadcrumb\"},\"inLanguage\":\"es\",\"potentialAction\":[{\"@type\":\"ReadAction\",\"target\":[\"https:\/\/infamol.eu\/es\/aviso-legal\/\"]}]},{\"@type\":\"BreadcrumbList\",\"@id\":\"https:\/\/infamol.eu\/es\/aviso-legal\/#breadcrumb\",\"itemListElement\":[{\"@type\":\"ListItem\",\"position\":1,\"name\":\"Portada\",\"item\":\"https:\/\/infamol.eu\/es\/\"},{\"@type\":\"ListItem\",\"position\":2,\"name\":\"Aviso legal\"}]},{\"@type\":\"WebSite\",\"@id\":\"https:\/\/infamol.eu\/es\/#website\",\"url\":\"https:\/\/infamol.eu\/es\/\",\"name\":\"Infamol\",\"description\":\"Ingenier\u00eda y fabricaci\u00f3n de moldes\",\"potentialAction\":[{\"@type\":\"SearchAction\",\"target\":{\"@type\":\"EntryPoint\",\"urlTemplate\":\"https:\/\/infamol.eu\/es\/?s={search_term_string}\"},\"query-input\":\"required name=search_term_string\"}],\"inLanguage\":\"es\"}]}<\/script>\n<!-- \/ Yoast SEO plugin. -->","yoast_head_json":{"title":"Aviso legal - Infamol","robots":{"index":"noindex","follow":"nofollow"},"og_locale":"es_ES","og_type":"article","og_title":"Aviso legal - Infamol","og_description":"PRIMERA.- TITULAR DE LA WEB El presente portal web pertenece a INFAMOL S.A, con CIF n\u00famero\u00a0A96641493, inscrita en el Registro Mercantil de Valencia,Tomo 5792, Libro 3099, Folio 118, Secci\u00f3n 8, Hoja V54383, I\/A14,con domicilio social a efectos de dar cumplimiento al art. 10 de la...","og_url":"https:\/\/infamol.eu\/es\/aviso-legal\/","og_site_name":"Infamol","article_modified_time":"2019-04-02T17:49:53+00:00","twitter_card":"summary_large_image","twitter_misc":{"Tiempo de lectura":"11 minutos"},"schema":{"@context":"https:\/\/schema.org","@graph":[{"@type":"WebPage","@id":"https:\/\/infamol.eu\/es\/aviso-legal\/","url":"https:\/\/infamol.eu\/es\/aviso-legal\/","name":"Aviso legal - Infamol","isPartOf":{"@id":"https:\/\/infamol.eu\/es\/#website"},"datePublished":"2019-03-30T08:20:59+00:00","dateModified":"2019-04-02T17:49:53+00:00","breadcrumb":{"@id":"https:\/\/infamol.eu\/es\/aviso-legal\/#breadcrumb"},"inLanguage":"es","potentialAction":[{"@type":"ReadAction","target":["https:\/\/infamol.eu\/es\/aviso-legal\/"]}]},{"@type":"BreadcrumbList","@id":"https:\/\/infamol.eu\/es\/aviso-legal\/#breadcrumb","itemListElement":[{"@type":"ListItem","position":1,"name":"Portada","item":"https:\/\/infamol.eu\/es\/"},{"@type":"ListItem","position":2,"name":"Aviso legal"}]},{"@type":"WebSite","@id":"https:\/\/infamol.eu\/es\/#website","url":"https:\/\/infamol.eu\/es\/","name":"Infamol","description":"Ingenier\u00eda y fabricaci\u00f3n de moldes","potentialAction":[{"@type":"SearchAction","target":{"@type":"EntryPoint","urlTemplate":"https:\/\/infamol.eu\/es\/?s={search_term_string}"},"query-input":"required name=search_term_string"}],"inLanguage":"es"}]}},"_links":{"self":[{"href":"https:\/\/infamol.eu\/es\/wp-json\/wp\/v2\/pages\/21"}],"collection":[{"href":"https:\/\/infamol.eu\/es\/wp-json\/wp\/v2\/pages"}],"about":[{"href":"https:\/\/infamol.eu\/es\/wp-json\/wp\/v2\/types\/page"}],"author":[{"embeddable":true,"href":"https:\/\/infamol.eu\/es\/wp-json\/wp\/v2\/users\/1"}],"replies":[{"embeddable":true,"href":"https:\/\/infamol.eu\/es\/wp-json\/wp\/v2\/comments?post=21"}],"version-history":[{"count":0,"href":"https:\/\/infamol.eu\/es\/wp-json\/wp\/v2\/pages\/21\/revisions"}],"wp:attachment":[{"href":"https:\/\/infamol.eu\/es\/wp-json\/wp\/v2\/media?parent=21"}],"curies":[{"name":"wp","href":"https:\/\/api.w.org\/{rel}","templated":true}]}}