{"id":23,"date":"2019-03-30T09:21:43","date_gmt":"2019-03-30T08:21:43","guid":{"rendered":"https:\/\/infamol.eu\/?page_id=23"},"modified":"2019-04-02T19:52:51","modified_gmt":"2019-04-02T17:52:51","slug":"politica-de-privacidad","status":"publish","type":"page","link":"https:\/\/infamol.eu\/es\/politica-de-privacidad\/","title":{"rendered":"Pol\u00edtica de privacidad"},"content":{"rendered":"<ol>\n<li><strong> Pol\u00edtica de Privacidad y Seguridad.<\/strong><\/li>\n<\/ol>\n<p>La siguiente informaci\u00f3n sobre nuestra Pol\u00edtica de Privacidad refleja el compromiso de INFAMOL S.A, por mantener y garantizar relaciones comerciales seguras mediante la protecci\u00f3n de los datos personales, garantizando el derecho a la privacidad de cada uno de los usuarios de nuestros servicios. En este documento explicamos c\u00f3mo utilizamos los datos personales de los usuarios del portal web.<\/p>\n<ol start=\"2\">\n<li><strong> Definici\u00f3n de dato personal<\/strong><\/li>\n<\/ol>\n<p>Como \u00abDato Personal\u00bb debemos entender cualquier informaci\u00f3n concerniente a una persona f\u00edsica identificada o identificable. Entre otros, se incluyen el nombre, apellidos, la direcci\u00f3n postal y electr\u00f3nica, as\u00ed como el n\u00famero de tel\u00e9fono.<\/p>\n<ol start=\"3\">\n<li><strong> Tratamientos y finalidades de los datos recogidos<\/strong><\/li>\n<\/ol>\n<p>Cualquier dato personal que nos facilite al visitar cualquiera de nuestros portales web o con la instalaci\u00f3n de nuestra aplicaci\u00f3n m\u00f3vil, ser\u00e1 tratado de conformidad con las normas de protecci\u00f3n de datos y s\u00f3lo ser\u00e1n recogidos, tratados y utilizados para fines l\u00edcitos, leg\u00edtimos e informados. Por ello, detallamos todas las finalidades con las que utiliza datos personales INFAMOL S.A como responsable del tratamiento:<\/p>\n<ul>\n<li>Gestionar los formularios de registro para poder convertirse en usuarios registrados y acceder a los servicios, adem\u00e1s para contactarles y responderles sobre las cuestiones planteadas o recibir informaci\u00f3n comercial sobre nuevos productos y novedades de la empresa.<\/li>\n<li>Otra finalidad para que se recopilan datos es para responder a las consultas mediante el env\u00edo de formularios de contacto. Los datos obtenidos a trav\u00e9s de esta v\u00eda son para responder a los propios usuarios y remitirle informaci\u00f3n comercial, adem\u00e1s de incluirlos en la lista de distribuci\u00f3n.<\/li>\n<\/ul>\n<p>&nbsp;<\/p>\n<p>Desde INFAMOL S.A informaremos a todos los usuarios el car\u00e1cter no obligatorio de la recogida de determinados datos de car\u00e1cter personal, salvo en los campos que se indique lo contrario. No obstante, la no cumplimentaci\u00f3n de dichos datos podr\u00e1 impedir a INFAMOL S.A prestar todos aquellos Servicios vinculados a tales datos, liber\u00e1ndonos de toda responsabilidad por la no prestaci\u00f3n o prestaci\u00f3n incompleta de estos Servicios.<\/p>\n<p>Corresponde al usuario la obligaci\u00f3n de facilitar los datos de manera veraz y mantenerlos actualizados, por lo que INFAMOL S.A se reserva el derecho de excluir de los servicios y proceder a la cancelaci\u00f3n del servicio a todo usuario que haya facilitado datos falsos, sin perjuicio de las dem\u00e1s acciones que procedan en Derecho.<\/p>\n<ol start=\"4\">\n<li><strong> Legitimaci\u00f3n para el tratamiento de sus datos<\/strong><\/li>\n<\/ol>\n<p>La base legal para el tratamiento de sus datos es la respuesta a las consultas planteadas a trav\u00e9s de la p\u00e1gina web, lo que supone la aplicaci\u00f3n, a petici\u00f3n del interesado, de medidas pre-contractuales por parte del interesado.<\/p>\n<ol start=\"5\">\n<li><strong> Plazo de conservaci\u00f3n de los datos<\/strong><\/li>\n<\/ol>\n<p>Los datos ser\u00e1n conservados el tiempo necesario para dar respuesta a las consultas.<\/p>\n<ol start=\"6\">\n<li><strong> Comunicaci\u00f3n de sus datos personales a terceros<\/strong><\/li>\n<\/ol>\n<p>Sus datos personales no ser\u00e1n comunicados a ning\u00fan tercero. En el caso de que fuera necesario comunicar su informaci\u00f3n a alg\u00fan tercero se solicitar\u00eda su consentimiento.<\/p>\n<ol start=\"7\">\n<li><strong> Seguridad de sus datos personales<\/strong><\/li>\n<\/ol>\n<p>INFAMOL S.A tiene una preocupaci\u00f3n especial por garantizar la seguridad de sus datos personales. Sus datos son almacenados en nuestros sistemas de informaci\u00f3n, donde hemos adoptado e implantado medidas de seguridad, t\u00e9cnicas y organizativas, para prevenir cualquier p\u00e9rdida o uso no autorizado por terceros, por ejemplo nuestros portales web utilizan protocolos de cifrado de datos Https.<\/p>\n<ol start=\"8\">\n<li><strong> Informaci\u00f3n sobre la Utilizaci\u00f3n de cookies<\/strong><\/li>\n<\/ol>\n<p>Por el mero hecho de visitar el presente portal web o utilizar los servicios de INFAMOL S.A no queda registrado de forma autom\u00e1tica ning\u00fan dato de car\u00e1cter personal que identifique a un Usuario. Sin embargo, le informamos que durante la navegaci\u00f3n por el Sitio Web se utilizan \u00abcookies\u00bb, peque\u00f1os ficheros de datos que se generan en el ordenador del internauta y que nos permiten obtener la siguiente informaci\u00f3n anal\u00edtica:<\/p>\n<ol>\n<li>a) La fecha y hora de acceso a la Web, permitiendo saber las horas de m\u00e1s afluencia, y hacer los ajustes precisos para evitar problemas de saturaci\u00f3n en nuestras horas punta.<\/li>\n<li>b) El n\u00famero de visitantes diarios de cada secci\u00f3n, permitiendo conocer las \u00e1reas de m\u00e1s \u00e9xito y aumentar y mejorar su contenido, con el fin de que los usuarios obtengan un resultado m\u00e1s satisfactorio y mejorar el dise\u00f1o de los contenidos.<\/li>\n<li>c) La fecha y hora de la \u00faltima vez que el usuario visit\u00f3 el Sitio Web para realizar estudios anal\u00edticos y estad\u00edsticos sobre el uso que tiene la web.<\/li>\n<li>d) Elementos de seguridad que intervienen en el control de acceso a las \u00e1reas restringidas.<\/li>\n<\/ol>\n<p>Para m\u00e1s informaci\u00f3n visite nuestra <strong>pol\u00edtica de cookies<\/strong><\/p>\n<ol start=\"9\">\n<li><strong> Derechos de los usuarios. <\/strong><\/li>\n<\/ol>\n<p>Todos los usuarios \u00a0pueden ejercitar cualquier de los derechos otorgados por la normativa de protecci\u00f3n de datos, como el derecho de acceso, limitaci\u00f3n del tratamiento, supresi\u00f3n, portabilidad, etc. mediante escrito dirigido a INFAMOL S.A, ubicada en <strong>POLIGONO INDUSTRIAL N\u00ba 7 CALLE BROSQUIL, PARCELA 157 CP 46450 EL PUIG (VALENCIA), <\/strong>o enviando un correo electr\u00f3nico a \u00a0<a href=\"mailto:infamol@infamol.es\">infamol@infamol.es<\/a> . En el caso de que considere oportuno, puede presentar una reclamaci\u00f3n ante la Agencia Espa\u00f1ola de Protecci\u00f3n de Datos para ejercer la tutela de sus derechos.<\/p>\n<ol start=\"10\">\n<li><strong> \u00bfNo desea recibir informaci\u00f3n de nosotros o desea revocar su consentimiento?<\/strong><\/li>\n<\/ol>\n<p>Cualquier usuario puede oponerse al uso de su informaci\u00f3n para fines publicitarios, investigaciones de mercado o desarrollo de encuestas de satisfacci\u00f3n, as\u00ed como revocar su consentimiento en cualquier momento (sin efecto retroactivo). Para ello, deber\u00e1 enviar un correo electr\u00f3nico a la direcci\u00f3n \u00a0<a href=\"mailto:infamol@infamol.es\">infamol@infamol.es<\/a> . Cuando reciba publicidad por correo electr\u00f3nico, tambi\u00e9n podr\u00e1 oponer desde dicho correo electr\u00f3nico, pinchando en el enlace incluido en el mismo y siguiendo las instrucciones que le sean facilitadas.<\/p>\n<ol start=\"11\">\n<li><strong> Cambios a la Pol\u00edtica de Privacidad.<\/strong><\/li>\n<\/ol>\n<p>Nuestra Pol\u00edtica de Privacidad podr\u00e1 sufrir actualizaciones, debidas a cambios y necesidades legales, as\u00ed como debidas a mejoras y cambios incluidos en la forma de ofrecer y prestar nuestros servicios y utilidades de la aplicaci\u00f3n. Por ello, le recomendamos que visite y acceda a nuestra Pol\u00edtica de Privacidad peri\u00f3dicamente, para poder tener acceso y conocer los \u00faltimos cambios que hayan podido ser incorporados. En caso de que dichos cambios guarden relaci\u00f3n con el consentimiento prestado por el usuario, en tal caso le ser\u00e1 enviada una notificaci\u00f3n independiente y por separado para recavarlo nuevamente.<\/p>\n<p>Si durante la lectura le ha surgido alguna duda o cuesti\u00f3n sobre nuestra Pol\u00edtica de Privacidad o quiere ejercitar alg\u00fan derecho o acci\u00f3n relativa a sus datos personales, por favor p\u00f3ngase en contacto con nosotros en la siguiente direcci\u00f3n de correo electr\u00f3nico \u00a0<strong><a href=\"mailto:ofertas@grupoforestia360.es\"><u>infamol@infamol.es<\/u><\/a> <\/strong>\u00a0.<\/p>\n<p>&nbsp;<\/p>\n","protected":false},"excerpt":{"rendered":"<p>Pol\u00edtica de Privacidad y Seguridad. La siguiente informaci\u00f3n sobre nuestra Pol\u00edtica de Privacidad refleja el compromiso de INFAMOL S.A, por mantener y garantizar relaciones comerciales seguras mediante la protecci\u00f3n de los datos personales, garantizando el derecho a la privacidad de cada uno de los usuarios&#8230;<\/p>\n","protected":false},"author":1,"featured_media":0,"parent":0,"menu_order":1002,"comment_status":"closed","ping_status":"closed","template":"","meta":{"footnotes":""},"yoast_head":"<!-- This site is optimized with the Yoast SEO plugin v22.1 - https:\/\/yoast.com\/wordpress\/plugins\/seo\/ -->\n<title>Pol\u00edtica de privacidad - Infamol<\/title>\n<meta name=\"robots\" content=\"noindex, nofollow\" \/>\n<meta property=\"og:locale\" content=\"es_ES\" \/>\n<meta property=\"og:type\" content=\"article\" \/>\n<meta property=\"og:title\" content=\"Pol\u00edtica de privacidad - Infamol\" \/>\n<meta property=\"og:description\" content=\"Pol\u00edtica de Privacidad y Seguridad. La siguiente informaci\u00f3n sobre nuestra Pol\u00edtica de Privacidad refleja el compromiso de INFAMOL S.A, por mantener y garantizar relaciones comerciales seguras mediante la protecci\u00f3n de los datos personales, garantizando el derecho a la privacidad de cada uno de los usuarios...\" \/>\n<meta property=\"og:url\" content=\"https:\/\/infamol.eu\/es\/politica-de-privacidad\/\" \/>\n<meta property=\"og:site_name\" content=\"Infamol\" \/>\n<meta property=\"article:modified_time\" content=\"2019-04-02T17:52:51+00:00\" \/>\n<meta name=\"twitter:card\" content=\"summary_large_image\" \/>\n<meta name=\"twitter:label1\" content=\"Tiempo de lectura\" \/>\n\t<meta name=\"twitter:data1\" content=\"6 minutos\" \/>\n<script type=\"application\/ld+json\" class=\"yoast-schema-graph\">{\"@context\":\"https:\/\/schema.org\",\"@graph\":[{\"@type\":\"WebPage\",\"@id\":\"https:\/\/infamol.eu\/es\/politica-de-privacidad\/\",\"url\":\"https:\/\/infamol.eu\/es\/politica-de-privacidad\/\",\"name\":\"Pol\u00edtica de privacidad - Infamol\",\"isPartOf\":{\"@id\":\"https:\/\/infamol.eu\/es\/#website\"},\"datePublished\":\"2019-03-30T08:21:43+00:00\",\"dateModified\":\"2019-04-02T17:52:51+00:00\",\"breadcrumb\":{\"@id\":\"https:\/\/infamol.eu\/es\/politica-de-privacidad\/#breadcrumb\"},\"inLanguage\":\"es\",\"potentialAction\":[{\"@type\":\"ReadAction\",\"target\":[\"https:\/\/infamol.eu\/es\/politica-de-privacidad\/\"]}]},{\"@type\":\"BreadcrumbList\",\"@id\":\"https:\/\/infamol.eu\/es\/politica-de-privacidad\/#breadcrumb\",\"itemListElement\":[{\"@type\":\"ListItem\",\"position\":1,\"name\":\"Portada\",\"item\":\"https:\/\/infamol.eu\/es\/\"},{\"@type\":\"ListItem\",\"position\":2,\"name\":\"Pol\u00edtica de privacidad\"}]},{\"@type\":\"WebSite\",\"@id\":\"https:\/\/infamol.eu\/es\/#website\",\"url\":\"https:\/\/infamol.eu\/es\/\",\"name\":\"Infamol\",\"description\":\"Ingenier\u00eda y fabricaci\u00f3n de moldes\",\"potentialAction\":[{\"@type\":\"SearchAction\",\"target\":{\"@type\":\"EntryPoint\",\"urlTemplate\":\"https:\/\/infamol.eu\/es\/?s={search_term_string}\"},\"query-input\":\"required name=search_term_string\"}],\"inLanguage\":\"es\"}]}<\/script>\n<!-- \/ Yoast SEO plugin. -->","yoast_head_json":{"title":"Pol\u00edtica de privacidad - Infamol","robots":{"index":"noindex","follow":"nofollow"},"og_locale":"es_ES","og_type":"article","og_title":"Pol\u00edtica de privacidad - Infamol","og_description":"Pol\u00edtica de Privacidad y Seguridad. La siguiente informaci\u00f3n sobre nuestra Pol\u00edtica de Privacidad refleja el compromiso de INFAMOL S.A, por mantener y garantizar relaciones comerciales seguras mediante la protecci\u00f3n de los datos personales, garantizando el derecho a la privacidad de cada uno de los usuarios...","og_url":"https:\/\/infamol.eu\/es\/politica-de-privacidad\/","og_site_name":"Infamol","article_modified_time":"2019-04-02T17:52:51+00:00","twitter_card":"summary_large_image","twitter_misc":{"Tiempo de lectura":"6 minutos"},"schema":{"@context":"https:\/\/schema.org","@graph":[{"@type":"WebPage","@id":"https:\/\/infamol.eu\/es\/politica-de-privacidad\/","url":"https:\/\/infamol.eu\/es\/politica-de-privacidad\/","name":"Pol\u00edtica de privacidad - Infamol","isPartOf":{"@id":"https:\/\/infamol.eu\/es\/#website"},"datePublished":"2019-03-30T08:21:43+00:00","dateModified":"2019-04-02T17:52:51+00:00","breadcrumb":{"@id":"https:\/\/infamol.eu\/es\/politica-de-privacidad\/#breadcrumb"},"inLanguage":"es","potentialAction":[{"@type":"ReadAction","target":["https:\/\/infamol.eu\/es\/politica-de-privacidad\/"]}]},{"@type":"BreadcrumbList","@id":"https:\/\/infamol.eu\/es\/politica-de-privacidad\/#breadcrumb","itemListElement":[{"@type":"ListItem","position":1,"name":"Portada","item":"https:\/\/infamol.eu\/es\/"},{"@type":"ListItem","position":2,"name":"Pol\u00edtica de privacidad"}]},{"@type":"WebSite","@id":"https:\/\/infamol.eu\/es\/#website","url":"https:\/\/infamol.eu\/es\/","name":"Infamol","description":"Ingenier\u00eda y fabricaci\u00f3n de moldes","potentialAction":[{"@type":"SearchAction","target":{"@type":"EntryPoint","urlTemplate":"https:\/\/infamol.eu\/es\/?s={search_term_string}"},"query-input":"required name=search_term_string"}],"inLanguage":"es"}]}},"_links":{"self":[{"href":"https:\/\/infamol.eu\/es\/wp-json\/wp\/v2\/pages\/23"}],"collection":[{"href":"https:\/\/infamol.eu\/es\/wp-json\/wp\/v2\/pages"}],"about":[{"href":"https:\/\/infamol.eu\/es\/wp-json\/wp\/v2\/types\/page"}],"author":[{"embeddable":true,"href":"https:\/\/infamol.eu\/es\/wp-json\/wp\/v2\/users\/1"}],"replies":[{"embeddable":true,"href":"https:\/\/infamol.eu\/es\/wp-json\/wp\/v2\/comments?post=23"}],"version-history":[{"count":0,"href":"https:\/\/infamol.eu\/es\/wp-json\/wp\/v2\/pages\/23\/revisions"}],"wp:attachment":[{"href":"https:\/\/infamol.eu\/es\/wp-json\/wp\/v2\/media?parent=23"}],"curies":[{"name":"wp","href":"https:\/\/api.w.org\/{rel}","templated":true}]}}