{"id":392,"date":"2019-03-30T12:35:28","date_gmt":"2019-03-30T11:35:28","guid":{"rendered":"https:\/\/infamol.eu\/?page_id=392"},"modified":"2020-06-05T14:00:16","modified_gmt":"2020-06-05T12:00:16","slug":"contacto","status":"publish","type":"page","link":"https:\/\/infamol.eu\/es\/contacto\/","title":{"rendered":"Contacto"},"content":{"rendered":"<div class=\"wpb-content-wrapper\"><p>[vc_row css_animation=\u00bb\u00bb row_type=\u00bbrow\u00bb use_row_as_full_screen_section=\u00bbno\u00bb type=\u00bbfull_width\u00bb angled_section=\u00bbno\u00bb text_align=\u00bbleft\u00bb background_image_as_pattern=\u00bbwithout_pattern\u00bb css=\u00bb.vc_custom_1553968581181{padding-top: 3px !important;background-color: #f17f04 !important;}\u00bb z_index=\u00bb\u00bb][vc_column][\/vc_column][\/vc_row][vc_row css_animation=\u00bb\u00bb row_type=\u00bbrow\u00bb use_row_as_full_screen_section=\u00bbno\u00bb type=\u00bbgrid\u00bb angled_section=\u00bbno\u00bb text_align=\u00bbleft\u00bb background_image_as_pattern=\u00bbwithout_pattern\u00bb css=\u00bb.vc_custom_1553962879574{padding-top: 40px !important;padding-bottom: 40px !important;background-color: #ffffff !important;}\u00bb z_index=\u00bb\u00bb][vc_column][qode_elements_holder number_of_columns=\u00bbtwo_columns\u00bb columns_proportion=\u00bb33_66&#8243; alignment_one_column=\u00bbcenter\u00bb][qode_elements_holder_item advanced_animations=\u00bbno\u00bb item_padding=\u00bb5% 3%\u00bb][vc_column_text]<\/p>\n<h2>INFAMOL ESPA\u00d1A<\/h2>\n<h5 class=\"strong naranja\"><i class=\"qode_icon_font_awesome fa fa-map-marker qode_icon_element\"> <\/i> Direcci\u00f3n:<\/h5>\n<p>Carrer Brosquil 157, Pol\u00edgono Industrial n\u00ba7, El Puig de Santa Mar\u00eda 46540 Val\u00e9ncia.<\/p>\n<h5 class=\"strong naranja\"><i class=\"qode_icon_font_awesome fa fa-phone qode_icon_element\"> <\/i> Tel\u00e9fono:<\/h5>\n<p><span class=\"strong\">Oficinas:<\/span> +34 961 471 470<\/p>\n<h5 class=\"strong naranja\"><i class=\"qode_icon_font_awesome fa fa-envelope qode_icon_element\"> <\/i> Email:<\/h5>\n<p>infamol@infamol.es[\/vc_column_text][\/qode_elements_holder_item][qode_elements_holder_item vertical_alignment=\u00bbmiddle\u00bb horizontal_alignment=\u00bbcenter\u00bb advanced_animations=\u00bbno\u00bb][vc_gmaps link=\u00bb#E-8_JTNDaWZyYW1lJTIwc3JjJTNEJTIyaHR0cHMlM0ElMkYlMkZ3d3cuZ29vZ2xlLmNvbSUyRm1hcHMlMkZlbWJlZCUzRnBiJTNEJTIxMW0xNCUyMTFtOCUyMTFtMyUyMTFkMTIyOTkuMjM2ODkyNTQ3MjczJTIxMmQtMC4yODY0MjIzJTIxM2QzOS41ODY0NDk4JTIxM20yJTIxMWkxMDI0JTIxMmk3NjglMjE0ZjEzLjElMjEzbTMlMjExbTIlMjExczB4MCUyNTNBMHg3NjA5Yjk2MWI0NjAxMjc1JTIxMnNJTkZBTU9MJTJCU0ElMjE1ZTAlMjEzbTIlMjExc2VzJTIxMnNlcyUyMTR2MTU1Mzk0ODcxNjc0NCUyMTVtMiUyMTFzZXMlMjEyc2VzJTIyJTIwd2lkdGglM0QlMjI2MDAlMjIlMjBoZWlnaHQlM0QlMjI0NTAlMjIlMjBmcmFtZWJvcmRlciUzRCUyMjAlMjIlMjBzdHlsZSUzRCUyMmJvcmRlciUzQTAlMjIlMjBhbGxvd2Z1bGxzY3JlZW4lM0UlM0MlMkZpZnJhbWUlM0U=\u00bb css_animation=\u00bbrotateIn\u00bb css=\u00bb.vc_custom_1591358122434{padding-top: 0px !important;padding-right: 0px !important;padding-bottom: 0px !important;padding-left: 0px !important;}\u00bb][\/qode_elements_holder_item][\/qode_elements_holder][\/vc_column][\/vc_row][vc_row css_animation=\u00bb\u00bb row_type=\u00bbrow\u00bb use_row_as_full_screen_section=\u00bbno\u00bb type=\u00bbfull_width\u00bb angled_section=\u00bbno\u00bb text_align=\u00bbleft\u00bb background_image_as_pattern=\u00bbwithout_pattern\u00bb css=\u00bb.vc_custom_1553968581181{padding-top: 3px !important;background-color: #f17f04 !important;}\u00bb z_index=\u00bb\u00bb][vc_column][\/vc_column][\/vc_row][vc_row css_animation=\u00bb\u00bb row_type=\u00bbrow\u00bb use_row_as_full_screen_section=\u00bbno\u00bb type=\u00bbgrid\u00bb angled_section=\u00bbno\u00bb text_align=\u00bbleft\u00bb background_image_as_pattern=\u00bbwithout_pattern\u00bb z_index=\u00bb\u00bb css=\u00bb.vc_custom_1553965502590{padding-top: 40px !important;padding-bottom: 40px !important;background-color: #f5f5f5 !important;}\u00bb el_class=\u00bbcustom_reverse_order\u00bb][vc_column][qode_elements_holder number_of_columns=\u00bbtwo_columns\u00bb columns_proportion=\u00bb66_33&#8243; alignment_one_column=\u00bbcenter\u00bb][qode_elements_holder_item vertical_alignment=\u00bbmiddle\u00bb horizontal_alignment=\u00bbcenter\u00bb advanced_animations=\u00bbno\u00bb][vc_gmaps link=\u00bb#E-8_JTNDaWZyYW1lJTIwc3JjJTNEJTIyaHR0cHMlM0ElMkYlMkZ3d3cuZ29vZ2xlLmNvbSUyRm1hcHMlMkZlbWJlZCUzRnBiJTNEJTIxMW0xOCUyMTFtMTIlMjExbTMlMjExZDEzNDU1Ljc2MDc4ODE0ODk2NCUyMTJkLTEwMC43OTY4MzIzNjU1MTkyMSUyMTNkMjAuMzk0NDgxMzkzODcxOTklMjEybTMlMjExZjAlMjEyZjAlMjEzZjAlMjEzbTIlMjExaTEwMjQlMjEyaTc2OCUyMTRmMTMuMSUyMTNtMyUyMTFtMiUyMTFzMHg4NDJjYmE2ZTY5OGZlMWQzJTI1M0EweGRiMGQxYjA0MzhkMTZhZjklMjEyc0lORkFNT0wlMkJNRVhJQ08lMjE1ZTAlMjEzbTIlMjExc2VzJTIxMnNlcyUyMTR2MTU1Mzk0NzkyMDkxOCUyMTVtMiUyMTFzZXMlMjEyc2VzJTIyJTIwd2lkdGglM0QlMjI2MDAlMjIlMjBoZWlnaHQlM0QlMjI0NTAlMjIlMjBmcmFtZWJvcmRlciUzRCUyMjAlMjIlMjBzdHlsZSUzRCUyMmJvcmRlciUzQTAlMjIlMjBhbGxvd2Z1bGxzY3JlZW4lM0UlM0MlMkZpZnJhbWUlM0U=\u00bb css_animation=\u00bbrotateIn\u00bb][\/qode_elements_holder_item][qode_elements_holder_item advanced_animations=\u00bbno\u00bb item_padding=\u00bb5% 3%\u00bb][vc_column_text]<\/p>\n<h2>INFAMOL M\u00c9XICO (Dpto. comercial)<\/h2>\n<h5 class=\"strong naranja\"><i class=\"qode_icon_font_awesome fa fa-map-marker qode_icon_element\"> <\/i> Direcci\u00f3n:<\/h5>\n<p>Parque Ayalkar, Carretera a Salvatierra KM 12.65 Nave 2, Zona Industrial, Celaya, Gto., M\u00e9xico<\/p>\n<h5 class=\"strong naranja\"><i class=\"qode_icon_font_awesome fa fa-phone qode_icon_element\"> <\/i> Tel\u00e9fono:<\/h5>\n<p><strong><span class=\"strong\">Alejandra Lizaola:<\/span><\/strong> +<a href=\"tel:0052%204612140325\">52 46 1214 0325<\/a><br \/>\n<strong>Email:<\/strong>\u00a0alizaola@infamol.mx<\/p>\n<p class=\"strong naranja\"><strong><span class=\"strong\">Manuel Coy:<\/span><\/strong> +55 1320 1204<\/p>\n<p>[\/vc_column_text][\/qode_elements_holder_item][\/qode_elements_holder][\/vc_column][\/vc_row][vc_row css_animation=\u00bb\u00bb row_type=\u00bbrow\u00bb use_row_as_full_screen_section=\u00bbno\u00bb type=\u00bbfull_width\u00bb angled_section=\u00bbno\u00bb text_align=\u00bbleft\u00bb background_image_as_pattern=\u00bbwithout_pattern\u00bb css=\u00bb.vc_custom_1553968581181{padding-top: 3px !important;background-color: #f17f04 !important;}\u00bb z_index=\u00bb\u00bb][vc_column][\/vc_column][\/vc_row][vc_row css_animation=\u00bb\u00bb row_type=\u00bbrow\u00bb use_row_as_full_screen_section=\u00bbno\u00bb type=\u00bbgrid\u00bb angled_section=\u00bbno\u00bb text_align=\u00bbleft\u00bb background_image_as_pattern=\u00bbwithout_pattern\u00bb z_index=\u00bb\u00bb css=\u00bb.vc_custom_1553965502590{padding-top: 40px !important;padding-bottom: 40px !important;background-color: #f5f5f5 !important;}\u00bb el_class=\u00bbcustom_reverse_order\u00bb][vc_column][qode_elements_holder number_of_columns=\u00bbtwo_columns\u00bb columns_proportion=\u00bb66_33&#8243; alignment_one_column=\u00bbcenter\u00bb][qode_elements_holder_item advanced_animations=\u00bbno\u00bb item_padding=\u00bb5% 3%\u00bb][vc_column_text]<\/p>\n<h2>INFAMOL CHINA<\/h2>\n<h2>(Dpto. T\u00e9cnico-comercial)<\/h2>\n<h5 class=\"strong naranja\"><i class=\"qode_icon_font_awesome fa fa-map-marker qode_icon_element\"> <\/i> Contactos \/ Tel\u00e9fono \/ Email:<\/h5>\n<p><strong><span class=\"strong\">Mariano Esteban:<\/span><\/strong> +34 676 424 329<br \/>\n<strong>Email:<\/strong>\u00a0 mesteban@infamol.es<\/p>\n<p><strong><span class=\"strong\">Alba Igual Cervera:<\/span><\/strong> +34 693 497 557<br \/>\n<strong>Email:<\/strong>\u00a0 alba@infamol.es[\/vc_column_text][\/qode_elements_holder_item][\/qode_elements_holder][\/vc_column][\/vc_row][vc_row css_animation=\u00bb\u00bb row_type=\u00bbrow\u00bb use_row_as_full_screen_section=\u00bbno\u00bb type=\u00bbfull_width\u00bb angled_section=\u00bbno\u00bb text_align=\u00bbleft\u00bb background_image_as_pattern=\u00bbwithout_pattern\u00bb css=\u00bb.vc_custom_1553968581181{padding-top: 3px !important;background-color: #f17f04 !important;}\u00bb z_index=\u00bb\u00bb][vc_column][\/vc_column][\/vc_row]<\/p>\n<\/div>","protected":false},"excerpt":{"rendered":"<p>[vc_row css_animation=\u00bb\u00bb row_type=\u00bbrow\u00bb use_row_as_full_screen_section=\u00bbno\u00bb type=\u00bbfull_width\u00bb angled_section=\u00bbno\u00bb text_align=\u00bbleft\u00bb background_image_as_pattern=\u00bbwithout_pattern\u00bb css=\u00bb.vc_custom_1553968581181{padding-top: 3px !important;background-color: #f17f04 !important;}\u00bb z_index=\u00bb\u00bb][vc_column][\/vc_column][\/vc_row][vc_row css_animation=\u00bb\u00bb row_type=\u00bbrow\u00bb use_row_as_full_screen_section=\u00bbno\u00bb type=\u00bbgrid\u00bb angled_section=\u00bbno\u00bb text_align=\u00bbleft\u00bb background_image_as_pattern=\u00bbwithout_pattern\u00bb css=\u00bb.vc_custom_1553962879574{padding-top: 40px !important;padding-bottom: 40px !important;background-color: #ffffff !important;}\u00bb z_index=\u00bb\u00bb][vc_column][qode_elements_holder number_of_columns=\u00bbtwo_columns\u00bb columns_proportion=\u00bb33_66&#8243; alignment_one_column=\u00bbcenter\u00bb][qode_elements_holder_item advanced_animations=\u00bbno\u00bb item_padding=\u00bb5% 3%\u00bb][vc_column_text] INFAMOL ESPA\u00d1A Direcci\u00f3n: Carrer Brosquil 157, Pol\u00edgono Industrial n\u00ba7, El&#8230;<\/p>\n","protected":false},"author":1,"featured_media":0,"parent":0,"menu_order":50,"comment_status":"closed","ping_status":"closed","template":"full_width.php","meta":{"footnotes":""},"yoast_head":"<!-- This site is optimized with the Yoast SEO plugin v22.1 - https:\/\/yoast.com\/wordpress\/plugins\/seo\/ -->\n<title>Contacto - Infamol<\/title>\n<meta name=\"robots\" content=\"index, follow, max-snippet:-1, max-image-preview:large, max-video-preview:-1\" \/>\n<link rel=\"canonical\" href=\"https:\/\/infamol.eu\/es\/contacto\/\" \/>\n<meta property=\"og:locale\" content=\"es_ES\" \/>\n<meta property=\"og:type\" content=\"article\" \/>\n<meta property=\"og:title\" content=\"Contacto - Infamol\" \/>\n<meta property=\"og:description\" content=\"[vc_row css_animation=\u00bb\u00bb row_type=\u00bbrow\u00bb use_row_as_full_screen_section=\u00bbno\u00bb type=\u00bbfull_width\u00bb angled_section=\u00bbno\u00bb text_align=\u00bbleft\u00bb background_image_as_pattern=\u00bbwithout_pattern\u00bb css=\u00bb.vc_custom_1553968581181{padding-top: 3px !important;background-color: #f17f04 !important;}\u00bb z_index=\u00bb\u00bb][vc_column][\/vc_column][\/vc_row][vc_row css_animation=\u00bb\u00bb row_type=\u00bbrow\u00bb use_row_as_full_screen_section=\u00bbno\u00bb type=\u00bbgrid\u00bb angled_section=\u00bbno\u00bb text_align=\u00bbleft\u00bb background_image_as_pattern=\u00bbwithout_pattern\u00bb css=\u00bb.vc_custom_1553962879574{padding-top: 40px !important;padding-bottom: 40px !important;background-color: #ffffff !important;}\u00bb z_index=\u00bb\u00bb][vc_column][qode_elements_holder number_of_columns=\u00bbtwo_columns\u00bb columns_proportion=\u00bb33_66&#8243; alignment_one_column=\u00bbcenter\u00bb][qode_elements_holder_item advanced_animations=\u00bbno\u00bb item_padding=\u00bb5% 3%\u00bb][vc_column_text] INFAMOL ESPA\u00d1A Direcci\u00f3n: Carrer Brosquil 157, Pol\u00edgono Industrial n\u00ba7, El...\" \/>\n<meta property=\"og:url\" content=\"https:\/\/infamol.eu\/es\/contacto\/\" \/>\n<meta property=\"og:site_name\" content=\"Infamol\" \/>\n<meta property=\"article:modified_time\" content=\"2020-06-05T12:00:16+00:00\" \/>\n<meta name=\"twitter:card\" content=\"summary_large_image\" \/>\n<meta name=\"twitter:label1\" content=\"Tiempo de lectura\" \/>\n\t<meta name=\"twitter:data1\" content=\"3 minutos\" \/>\n<script type=\"application\/ld+json\" class=\"yoast-schema-graph\">{\"@context\":\"https:\/\/schema.org\",\"@graph\":[{\"@type\":\"WebPage\",\"@id\":\"https:\/\/infamol.eu\/es\/contacto\/\",\"url\":\"https:\/\/infamol.eu\/es\/contacto\/\",\"name\":\"Contacto - Infamol\",\"isPartOf\":{\"@id\":\"https:\/\/infamol.eu\/es\/#website\"},\"datePublished\":\"2019-03-30T11:35:28+00:00\",\"dateModified\":\"2020-06-05T12:00:16+00:00\",\"breadcrumb\":{\"@id\":\"https:\/\/infamol.eu\/es\/contacto\/#breadcrumb\"},\"inLanguage\":\"es\",\"potentialAction\":[{\"@type\":\"ReadAction\",\"target\":[\"https:\/\/infamol.eu\/es\/contacto\/\"]}]},{\"@type\":\"BreadcrumbList\",\"@id\":\"https:\/\/infamol.eu\/es\/contacto\/#breadcrumb\",\"itemListElement\":[{\"@type\":\"ListItem\",\"position\":1,\"name\":\"Portada\",\"item\":\"https:\/\/infamol.eu\/es\/\"},{\"@type\":\"ListItem\",\"position\":2,\"name\":\"Contacto\"}]},{\"@type\":\"WebSite\",\"@id\":\"https:\/\/infamol.eu\/es\/#website\",\"url\":\"https:\/\/infamol.eu\/es\/\",\"name\":\"Infamol\",\"description\":\"Ingenier\u00eda y fabricaci\u00f3n de moldes\",\"potentialAction\":[{\"@type\":\"SearchAction\",\"target\":{\"@type\":\"EntryPoint\",\"urlTemplate\":\"https:\/\/infamol.eu\/es\/?s={search_term_string}\"},\"query-input\":\"required name=search_term_string\"}],\"inLanguage\":\"es\"}]}<\/script>\n<!-- \/ Yoast SEO plugin. -->","yoast_head_json":{"title":"Contacto - Infamol","robots":{"index":"index","follow":"follow","max-snippet":"max-snippet:-1","max-image-preview":"max-image-preview:large","max-video-preview":"max-video-preview:-1"},"canonical":"https:\/\/infamol.eu\/es\/contacto\/","og_locale":"es_ES","og_type":"article","og_title":"Contacto - Infamol","og_description":"[vc_row css_animation=\u00bb\u00bb row_type=\u00bbrow\u00bb use_row_as_full_screen_section=\u00bbno\u00bb type=\u00bbfull_width\u00bb angled_section=\u00bbno\u00bb text_align=\u00bbleft\u00bb background_image_as_pattern=\u00bbwithout_pattern\u00bb css=\u00bb.vc_custom_1553968581181{padding-top: 3px !important;background-color: #f17f04 !important;}\u00bb z_index=\u00bb\u00bb][vc_column][\/vc_column][\/vc_row][vc_row css_animation=\u00bb\u00bb row_type=\u00bbrow\u00bb use_row_as_full_screen_section=\u00bbno\u00bb type=\u00bbgrid\u00bb angled_section=\u00bbno\u00bb text_align=\u00bbleft\u00bb background_image_as_pattern=\u00bbwithout_pattern\u00bb css=\u00bb.vc_custom_1553962879574{padding-top: 40px !important;padding-bottom: 40px !important;background-color: #ffffff !important;}\u00bb z_index=\u00bb\u00bb][vc_column][qode_elements_holder number_of_columns=\u00bbtwo_columns\u00bb columns_proportion=\u00bb33_66&#8243; alignment_one_column=\u00bbcenter\u00bb][qode_elements_holder_item advanced_animations=\u00bbno\u00bb item_padding=\u00bb5% 3%\u00bb][vc_column_text] INFAMOL ESPA\u00d1A Direcci\u00f3n: Carrer Brosquil 157, Pol\u00edgono Industrial n\u00ba7, El...","og_url":"https:\/\/infamol.eu\/es\/contacto\/","og_site_name":"Infamol","article_modified_time":"2020-06-05T12:00:16+00:00","twitter_card":"summary_large_image","twitter_misc":{"Tiempo de lectura":"3 minutos"},"schema":{"@context":"https:\/\/schema.org","@graph":[{"@type":"WebPage","@id":"https:\/\/infamol.eu\/es\/contacto\/","url":"https:\/\/infamol.eu\/es\/contacto\/","name":"Contacto - Infamol","isPartOf":{"@id":"https:\/\/infamol.eu\/es\/#website"},"datePublished":"2019-03-30T11:35:28+00:00","dateModified":"2020-06-05T12:00:16+00:00","breadcrumb":{"@id":"https:\/\/infamol.eu\/es\/contacto\/#breadcrumb"},"inLanguage":"es","potentialAction":[{"@type":"ReadAction","target":["https:\/\/infamol.eu\/es\/contacto\/"]}]},{"@type":"BreadcrumbList","@id":"https:\/\/infamol.eu\/es\/contacto\/#breadcrumb","itemListElement":[{"@type":"ListItem","position":1,"name":"Portada","item":"https:\/\/infamol.eu\/es\/"},{"@type":"ListItem","position":2,"name":"Contacto"}]},{"@type":"WebSite","@id":"https:\/\/infamol.eu\/es\/#website","url":"https:\/\/infamol.eu\/es\/","name":"Infamol","description":"Ingenier\u00eda y fabricaci\u00f3n de moldes","potentialAction":[{"@type":"SearchAction","target":{"@type":"EntryPoint","urlTemplate":"https:\/\/infamol.eu\/es\/?s={search_term_string}"},"query-input":"required name=search_term_string"}],"inLanguage":"es"}]}},"_links":{"self":[{"href":"https:\/\/infamol.eu\/es\/wp-json\/wp\/v2\/pages\/392"}],"collection":[{"href":"https:\/\/infamol.eu\/es\/wp-json\/wp\/v2\/pages"}],"about":[{"href":"https:\/\/infamol.eu\/es\/wp-json\/wp\/v2\/types\/page"}],"author":[{"embeddable":true,"href":"https:\/\/infamol.eu\/es\/wp-json\/wp\/v2\/users\/1"}],"replies":[{"embeddable":true,"href":"https:\/\/infamol.eu\/es\/wp-json\/wp\/v2\/comments?post=392"}],"version-history":[{"count":0,"href":"https:\/\/infamol.eu\/es\/wp-json\/wp\/v2\/pages\/392\/revisions"}],"wp:attachment":[{"href":"https:\/\/infamol.eu\/es\/wp-json\/wp\/v2\/media?parent=392"}],"curies":[{"name":"wp","href":"https:\/\/api.w.org\/{rel}","templated":true}]}}